{"id":1704,"date":"2022-04-26T11:48:10","date_gmt":"2022-04-26T11:48:10","guid":{"rendered":"https:\/\/orgelzolders.nl\/?page_id=1704"},"modified":"2022-05-26T08:23:53","modified_gmt":"2022-05-26T08:23:53","slug":"um-niemals-zu-vergessen","status":"publish","type":"page","link":"https:\/\/orgelzolders.nl\/de\/um-niemals-zu-vergessen\/","title":{"rendered":"&#8230;um niemals zu vergessen&#8230;"},"content":{"rendered":"\n\n\n<h2 class=\"wp-block-heading\">Unsere Mission<\/h2>\n\n\n\n<p>Die Stiftung Schuilplaats Orgelzolders Rotterdam hat sich zum Ziel gesetzt, die Erinnerung an die sieben j\u00fcdischen Menschen \u2013 drei Ehepaare und ein Baby \u2013 wachzuhalten, die w\u00e4hrend des Zweiten Weltkriegs auf den Orgeldachb\u00f6den der Breepleinkirche in Rotterdam einen sicheren Zufluchtsort fanden, und an die Familien, die ihnen unter gro\u00dfer Lebensgefahr jahrelang halfen und sie versorgten.<\/p>\n\n\n\n<p>Die Stiftung m\u00f6chte dies durch den professionellen Betrieb eines Bildungszentrums und eines Ausstellungsraums in der Breepleinkirche erreichen.<br>Die Stiftung hofft, dass die Heldentaten und der Mut, die vor langer Zeit bewiesen wurden, <em>jetzt<\/em> Jung und Alt zu einem Verhalten inspirieren, mit dem die demokratische Freiheit in den Niederlanden und auch andernorts gesch\u00fctzt wird.<\/p>\n\n\n\n<h2 class=\"wp-block-heading\">Vorstand<\/h2>\n\n\n\n<p>Eric Matser, Vorsitzender<br>G\u00fcrkan \u00c7elik, Vizepr\u00e4sident<br>Jaap Brederveld, Schriftf\u00fchrer<br>Kees Berkman, Kassenwart<br>Punnika Kharas, Vorstandsmitglied<\/p>\n\n\n\n<h2 class=\"wp-block-heading\">Ehrenamtliche<\/h2>\n\n\n\n<p>Der Vorstand der Stiftung wird von den folgenden Ehrenamtlichen fachkundig unterst\u00fctzt:<br>Jan van Arkel, F\u00fchrer<br>Karel Fibbe, Architekt, Planer der Restaurierungspl\u00e4ne f\u00fcr die Orgeldachb\u00f6den<br>Henk den Haan, Guide<br>Punnika Kharas, \u00dcbersetzerin Englisch<br>Paul Letterie, F\u00fchrer<br>Anja Matser, Autorin, Guide; h\u00e4lt Lesungen \u00fcber die Orgeldachb\u00f6den<br>Liedia van de Mortel, Webmaster<br>Cornelis van der Pligt, Gastgeber<br>Adri Roos, F\u00fchrer<br>Christina Siever, \u00dcbersetzerin Deutsch<br>Arie van der Spelt, F\u00fchrer<br>Marijke Springeling, Guide<br>Els van der Wal, Redakteurin\/Koordinatorin ad interim<\/p>\n\n\n\n<h2 class=\"wp-block-heading\">Statuten<\/h2>\n\n\n\n<p>Die Stiftung Orgelzolders Rotterdam, im folgenden SOR genannt, wurde am 17. Februar 2016 gegr\u00fcndet. Die Zielsetzung der SOR ist in der Satzung niedergelegt. Die SOR ist als gemeinn\u00fctzige Einrichtung (ANBI, algemeen nut beogende instelling) anerkannt, was bedeutet, dass Spenden und Verm\u00e4chtnisse steuerlich absetzbar sind.<br><br>Zielsetzung:<br>1. Unterhalt eines Ausstellungsraums und eines Bildungszentrums im Kirchengeb\u00e4ude der Breepleinkirche in Rotterdam, welche die Erinnerung an den Aufenthalt dreier j\u00fcdischer Familien auf den Orgeldachb\u00f6den dieses Kirchengeb\u00e4udes w\u00e4hrend des Zweiten Weltkriegs wachhalten, sowie die Beschaffung, Sammlung und dauerhafte Ausstellung von Gegenst\u00e4nden und dergleichen, die diese Funktion verst\u00e4rken k\u00f6nnen.<br><br>2. Die Stiftung ist bestrebt, dieses Ziel ausschlie\u00dflich mit legitimen Mitteln zu erreichen wie z.\u2006B.:<br>\u2013 dem Erheben von Eintrittsgeld;<br>\u2013 Geldakquise;<br>\u2013 der Organisation von Aktivit\u00e4ten und Treffen;<br>\u2013 allen anderen Mitteln, die zum Erreichen des Ziels w\u00fcnschenswert, n\u00fctzlich oder notwendig sind;<br>\u2013 der Herstellung und Pflege von Kontakten und die Zusammenarbeit mit Dritten, wenn und sofern dies f\u00fcr die Stiftung von Nutzen sein kann.<br><br>3. Die Stiftung verfolgt keine Gewinnerzielungsabsicht.<br><br>4. Es ist von der Stiftung nicht beabsichtigt, Zahlungen an den\/die Gr\u00fcnder und\/oder die Vorstandsmitglieder und\/oder einen oder mehrere Mitarbeitende und\/oder eine oder mehrere andere Personen, die einem Organ der Stiftung angeh\u00f6ren oder ein Interesse an der Stiftung haben, zu leisten.<br><br>Vorstand:<br>1. Der SOR-Vorstand ist f\u00fcr die Verwaltung der Stiftung zust\u00e4ndig.<\/p>\n\n\n\n<p>2. Er muss aus mindestens drei Vorstandsmitgliedern bestehen; ansonsten bestimmt der Vorstand die Anzahl der Vorstandsmitglieder, nach M\u00f6glichkeit eine ungerade Anzahl. Die Vorstandsmitglieder der SOR erhalten keine Verg\u00fctung f\u00fcr ihre Arbeit. Die im Rahmen der Aus\u00fcbung des Amtes eines Vorstandsmitglieds entstehenden Auslagen werden erstattet, sofern sie nicht \u00fcberm\u00e4\u00dfig hoch sind. Der SOR besch\u00e4ftigt kein Personal.<br><br>Finanzen:<br>Die finanziellen Mittel der Stiftung bestehen aus:<br>\u2013 dem, was durch Erbschaft, Verm\u00e4chtnis oder Schenkung erworben wird;<br>\u2013 Geldzuwendungen jeglicher Art;<br>\u2013 Zusch\u00fcsse, Zinsen und sonstige Ertr\u00e4ge.<\/p>\n\n\n\n<h2 class=\"wp-block-heading\">Spenden, ANBI und kultureller ANBI-Status<\/h2>\n\n\n\n<p>M\u00f6chten Sie die Orgeldachb\u00f6den finanziell unterst\u00fctzen? Dann k\u00f6nnen Sie einen Betrag auf das Konto der Stiftung Schuilplaats Orgelzolders Rotterdam, Triodosbank, IBAN NL49 TRIO 0390 5138 81, mit dem Vermerk \u201eSpende\u201c \u00fcberweisen.<\/p>\n\n\n\n<p>Am 17. Februar 2016 haben die Steuerbeh\u00f6rden unserer Stiftung den ANBI-Status und den Status einer kulturellen ANBI zuerkannt. Das bedeutet, dass Ihre Spenden von der Einkommenssteuer absetzbar sind, und wegen des kulturellen ANBI-Status k\u00f6nnen Sie sogar zus\u00e4tzliche Abz\u00fcge geltend machen. Es ist zudem auch m\u00f6glich, eine regelm\u00e4\u00dfige Spende f\u00fcr einen Zeitraum von mindestens f\u00fcnf Jahren zu leisten. Dies sollte bei einem Notar oder in einer Vereinbarung zwischen Ihnen und unserer Stiftung festgehalten werden. Es gibt dabei weder eine Einkommensgrenze noch einen maximal abzugsf\u00e4higen H\u00f6chstbetrag.<br>Weitere Informationen erhalten Sie bei der Steuerbeh\u00f6rde und unter ANBI.nl.<\/p>\n\n\n\n<p>Bei der Handelskammer in Rotterdam ist unsere Stiftung unter dem Namen <em>Stichting Schuilplaats Orgelzolders <\/em>Rotterdam eingetragen.<\/p>\n\n\n\n<p>RSIN (Steuernummer) 8560.81.036<br>KvK Rotterdam 65362624<\/p>\n\n\n\n<h2 class=\"wp-block-heading\">Jahresabschl\u00fcsse<\/h2>\n\n\n\n<p>Jahresabschluss 2016<br>Jahresabschl\u00fcsse 2017 und 2018<br>Jahresabschl\u00fcsse 2019<\/p>\n\n\n\n<h2 class=\"wp-block-heading\">Links und Partner<\/h2>\n\n\n\n<p>Corporate identity und Logo wurden von Identity Design Rotterdam erm\u00f6glicht.<\/p>\n\n\n\n<p>Die Brosch\u00fcre wurde durch das Projectburo Scheffers Rotterdam erm\u00f6glicht.<\/p>\n\n\n\n<p>Die Stiftung Schuilplaats Orgelzolders Rotterdam arbeitet zusammen mit:<br>Feyenoord BVO<br>Gilde Rotterdam<br>Joods Erfgoed Rotterdam<br>Lesesaal Vreewijk<br>Loods 24<br>MiniWorld Rotterdam<br>Museum 40\u201345<br>Stadtarchiv Rotterdam<\/p>\n","protected":false},"excerpt":{"rendered":"<p>Unsere Mission Die Stiftung Schuilplaats Orgelzolders Rotterdam hat sich zum Ziel gesetzt, die Erinnerung an die sieben j\u00fcdischen Menschen \u2013 drei Ehepaare und ein Baby \u2013 wachzuhalten, die w\u00e4hrend des Zweiten Weltkriegs auf den Orgeldachb\u00f6den der Breepleinkirche in Rotterdam einen sicheren Zufluchtsort fanden, und an die Familien, die ihnen unter gro\u00dfer Lebensgefahr jahrelang halfen und [&hellip;]<\/p>\n","protected":false},"author":5,"featured_media":0,"parent":0,"menu_order":0,"comment_status":"closed","ping_status":"closed","template":"","meta":{"site-sidebar-layout":"default","site-content-layout":"default","ast-site-content-layout":"default","site-content-style":"default","site-sidebar-style":"default","ast-global-header-display":"","ast-banner-title-visibility":"","ast-main-header-display":"","ast-hfb-above-header-display":"","ast-hfb-below-header-display":"","ast-hfb-mobile-header-display":"","site-post-title":"","ast-breadcrumbs-content":"","ast-featured-img":"","footer-sml-layout":"","ast-disable-related-posts":"","theme-transparent-header-meta":"default","adv-header-id-meta":"","stick-header-meta":"","header-above-stick-meta":"","header-main-stick-meta":"","header-below-stick-meta":"","astra-migrate-meta-layouts":"default","ast-page-background-enabled":"default","ast-page-background-meta":{"desktop":{"background-color":"","background-image":"","background-repeat":"repeat","background-position":"center center","background-size":"auto","background-attachment":"scroll","background-type":"","background-media":"","overlay-type":"","overlay-color":"","overlay-opacity":"","overlay-gradient":""},"tablet":{"background-color":"","background-image":"","background-repeat":"repeat","background-position":"center center","background-size":"auto","background-attachment":"scroll","background-type":"","background-media":"","overlay-type":"","overlay-color":"","overlay-opacity":"","overlay-gradient":""},"mobile":{"background-color":"","background-image":"","background-repeat":"repeat","background-position":"center center","background-size":"auto","background-attachment":"scroll","background-type":"","background-media":"","overlay-type":"","overlay-color":"","overlay-opacity":"","overlay-gradient":""}},"ast-content-background-meta":{"desktop":{"background-color":"var(--ast-global-color-5)","background-image":"","background-repeat":"repeat","background-position":"center center","background-size":"auto","background-attachment":"scroll","background-type":"","background-media":"","overlay-type":"","overlay-color":"","overlay-opacity":"","overlay-gradient":""},"tablet":{"background-color":"var(--ast-global-color-5)","background-image":"","background-repeat":"repeat","background-position":"center center","background-size":"auto","background-attachment":"scroll","background-type":"","background-media":"","overlay-type":"","overlay-color":"","overlay-opacity":"","overlay-gradient":""},"mobile":{"background-color":"var(--ast-global-color-5)","background-image":"","background-repeat":"repeat","background-position":"center center","background-size":"auto","background-attachment":"scroll","background-type":"","background-media":"","overlay-type":"","overlay-color":"","overlay-opacity":"","overlay-gradient":""}},"footnotes":""},"class_list":["post-1704","page","type-page","status-publish","hentry"],"_links":{"self":[{"href":"https:\/\/orgelzolders.nl\/de\/wp-json\/wp\/v2\/pages\/1704","targetHints":{"allow":["GET"]}}],"collection":[{"href":"https:\/\/orgelzolders.nl\/de\/wp-json\/wp\/v2\/pages"}],"about":[{"href":"https:\/\/orgelzolders.nl\/de\/wp-json\/wp\/v2\/types\/page"}],"author":[{"embeddable":true,"href":"https:\/\/orgelzolders.nl\/de\/wp-json\/wp\/v2\/users\/5"}],"replies":[{"embeddable":true,"href":"https:\/\/orgelzolders.nl\/de\/wp-json\/wp\/v2\/comments?post=1704"}],"version-history":[{"count":7,"href":"https:\/\/orgelzolders.nl\/de\/wp-json\/wp\/v2\/pages\/1704\/revisions"}],"predecessor-version":[{"id":1915,"href":"https:\/\/orgelzolders.nl\/de\/wp-json\/wp\/v2\/pages\/1704\/revisions\/1915"}],"wp:attachment":[{"href":"https:\/\/orgelzolders.nl\/de\/wp-json\/wp\/v2\/media?parent=1704"}],"curies":[{"name":"wp","href":"https:\/\/api.w.org\/{rel}","templated":true}]}}