{"id":1585,"date":"2022-04-18T09:02:53","date_gmt":"2022-04-18T09:02:53","guid":{"rendered":"https:\/\/orgelzolders.nl\/?page_id=1585"},"modified":"2022-04-18T09:08:35","modified_gmt":"2022-04-18T09:08:35","slug":"statuten-en-anbi-stichting-orgelzolders-rotterdam","status":"publish","type":"page","link":"https:\/\/orgelzolders.nl\/de\/statuten-en-anbi-stichting-orgelzolders-rotterdam\/","title":{"rendered":"Statuten und ANBI Stiftung Orgelzolders Rotterdam"},"content":{"rendered":"\n<h2 class=\"wp-block-heading\">Statuten<\/h2>\n\n\n\n<p>Die Stiftung Orgelzolders Rotterdam, im folgenden SOR genannt, wurde am 17. Februar 2016 gegr\u00fcndet. Die Zielsetzung der SOR ist in der Satzung niedergelegt. Die SOR ist als gemeinn\u00fctzige Einrichtung (ANBI, algemeen nut beogende instelling) anerkannt, was bedeutet, dass Spenden und Verm\u00e4chtnisse steuerlich absetzbar sind.<br><br>Zielsetzung:&nbsp;<br>1. Unterhalt eines Ausstellungsraums und eines Bildungszentrums im Kirchengeb\u00e4ude der Breepleinkirche in Rotterdam, welche die Erinnerung an den Aufenthalt dreier j\u00fcdischer Familien auf den Orgeldachb\u00f6den dieses Kirchengeb\u00e4udes w\u00e4hrend des Zweiten Weltkriegs wachhalten, sowie die Beschaffung, Sammlung und dauerhafte Ausstellung von Gegenst\u00e4nden und dergleichen, die diese Funktion verst\u00e4rken k\u00f6nnen.<br><br>2. Die Stiftung ist bestrebt, dieses Ziel ausschlie\u00dflich mit legitimen Mitteln zu erreichen wie z.\u2006B.:<br>\u2013 dem Erheben von Eintrittsgeld;<br>\u2013 Geldakquise;<br>\u2013 der Organisation von Aktivit\u00e4ten und Treffen;<br>\u2013 allen anderen Mitteln, die zum Erreichen des Ziels w\u00fcnschenswert, n\u00fctzlich oder notwendig sind;<br>\u2013 der Herstellung und Pflege von Kontakten und die Zusammenarbeit mit Dritten, wenn und sofern dies f\u00fcr die Stiftung von Nutzen sein kann.<br><br>3. Die Stiftung verfolgt keine Gewinnerzielungsabsicht.<br><br>4. Es ist von der Stiftung nicht beabsichtigt, Zahlungen an den\/die Gr\u00fcnder und\/oder die Vorstandsmitglieder und\/oder einen oder mehrere Mitarbeitende und\/oder eine oder mehrere andere Personen, die einem Organ der Stiftung angeh\u00f6ren oder ein Interesse an der Stiftung haben, zu leisten.<br>Vorstand:<br>1. Der SOR-Vorstand ist f\u00fcr die Verwaltung der Stiftung zust\u00e4ndig.<br>2. Er muss aus mindestens drei Vorstandsmitgliedern bestehen; ansonsten bestimmt der Vorstand die Anzahl der Vorstandsmitglieder, nach M\u00f6glichkeit eine ungerade Anzahl. Der Vorstand der SOR setzt sich zusammen aus:<br>\u2013 E.\u2006G. Matser \u2013 Vorsitzender\/Vorstandsmitglied<br>\u2013 J. Brederveld \u2013 Schriftf\u00fchrer<br>\u2013 C.\u2006P. Berkman \u2013 Kassenwart<br>Die Vorstandsmitglieder der SOR erhalten keine Verg\u00fctung f\u00fcr ihre Arbeit. Die im Rahmen der Aus\u00fcbung des Amtes eines Vorstandsmitglieds entstehenden Auslagen werden erstattet, sofern sie nicht \u00fcberm\u00e4\u00dfig hoch sind. Der SOR besch\u00e4ftigt kein Personal.<br><\/p>\n\n\n\n<p>Finanzen:&nbsp;<br>Die finanziellen Mittel der Stiftung bestehen aus:<br>\u2013 dem, was durch Erbschaft, Verm\u00e4chtnis oder Schenkung erworben wird;<br>\u2013 Geldzuwendungen jeglicher Art;<br>\u2013 Zusch\u00fcsse, Zinsen und sonstige Ertr\u00e4ge.<\/p>\n\n\n\n<p><strong>Spenden, ANBI und kultureller ANBI-Status<\/strong><br><\/p>\n\n\n\n<p>M\u00f6chten Sie die Orgeldachb\u00f6den finanziell unterst\u00fctzen? Dann k\u00f6nnen Sie einen Betrag auf das Konto der Stiftung Schuilplaats Orgelzolders Rotterdam, Triodosbank, IBAN NL49 TRIO 0390 5138 81, mit dem Vermerk \u201eSpende\u201c \u00fcberweisen.<\/p>\n\n\n\n<p>Am 17. Februar 2016 haben die Steuerbeh\u00f6rden unserer Stiftung den ANBI-Status und den Status einer kulturellen ANBI zuerkannt. Das bedeutet, dass Ihre Spenden von der Einkommenssteuer absetzbar sind, und wegen des kulturellen ANBI-Status k\u00f6nnen Sie sogar zus\u00e4tzliche Abz\u00fcge geltend machen. Es ist zudem auch m\u00f6glich, eine regelm\u00e4\u00dfige Spende f\u00fcr einen Zeitraum von mindestens f\u00fcnf Jahren zu leisten. Dies sollte bei einem Notar oder in einer Vereinbarung zwischen Ihnen und unserer Stiftung festgehalten werden. Es gibt dabei weder eine Einkommensgrenze noch einen maximal abzugsf\u00e4higen H\u00f6chstbetrag.<br>Weitere Informationen erhalten Sie bei der Steuerbeh\u00f6rde und unter ANBI.nl.<\/p>\n\n\n\n<p>Bei der Handelskammer in Rotterdam ist unsere Stiftung unter dem Namen <em>Stichting Schuilplaats Orgelzolders <\/em>Rotterdam eingetragen.<\/p>\n\n\n\n<p>RSIN (Steuernummer) 8560.81.036<br>KvK Rotterdam 65362624<\/p>\n\n\n\n<h2 class=\"wp-block-heading\"><strong>Jahresabschl\u00fcsse<\/strong><\/h2>\n\n\n\n<p><a aria-label=\"Jaarrekening 2016 (opens in a new tab)\" class=\"rank-math-link\" href=\"https:\/\/orgelzolders.nl\/wp-content\/uploads\/2020\/04\/balans2016.jpg\" target=\"_blank\" rel=\"noreferrer noopener nofollow\">Jahresabschluss 2016<br>Jahresabschl\u00fcsse 2017 und 2018<br>Jahresabschl\u00fcsse 2019<\/a><\/p>\n\n\n\n<p>Kontakt:<br>Stichting Orgelzolders Rotterdam<br>p\/a President Wilsonweg 48<br>3069 AP Rotterdam<br><br>Triodosbank: NL96 TRIO 2025 0246 30<br>RSIN nummer: 856081036<br>KvK Rotterdam 65362624<\/p>\n\n\n\n<p><strong>Links und Partner<\/strong><\/p>\n\n\n\n<p>Corporate identity und Logo wurden von Identity Design Rotterdam erm\u00f6glicht.<br>Die Brosch\u00fcre wurde durch das Projectburo Scheffers Rotterdam erm\u00f6glicht.<\/p>\n\n\n\n<p>Die Stiftung Schuilplaats Orgelzolders Rotterdam arbeitet zusammen mit:<br>Feyenoord BVO<br>Gilde Rotterdam<br>Joods Erfgoed Rotterdam<br>Lesesaal Vreewijk<br>Loods 24<br>MiniWorld Rotterdam<br>Museum 40\u201345<br>Stadtarchiv Rotterdam<\/p>\n","protected":false},"excerpt":{"rendered":"<p>Statuten Die Stiftung Orgelzolders Rotterdam, im folgenden SOR genannt, wurde am 17. Februar 2016 gegr\u00fcndet. Die Zielsetzung der SOR ist in der Satzung niedergelegt. Die SOR ist als gemeinn\u00fctzige Einrichtung (ANBI, algemeen nut beogende instelling) anerkannt, was bedeutet, dass Spenden und Verm\u00e4chtnisse steuerlich absetzbar sind. Zielsetzung:&nbsp;1. Unterhalt eines Ausstellungsraums und eines Bildungszentrums im Kirchengeb\u00e4ude der [&hellip;]<\/p>\n","protected":false},"author":5,"featured_media":0,"parent":0,"menu_order":0,"comment_status":"closed","ping_status":"closed","template":"","meta":{"site-sidebar-layout":"default","site-content-layout":"","ast-site-content-layout":"default","site-content-style":"default","site-sidebar-style":"default","ast-global-header-display":"","ast-banner-title-visibility":"","ast-main-header-display":"","ast-hfb-above-header-display":"","ast-hfb-below-header-display":"","ast-hfb-mobile-header-display":"","site-post-title":"","ast-breadcrumbs-content":"","ast-featured-img":"","footer-sml-layout":"","ast-disable-related-posts":"","theme-transparent-header-meta":"","adv-header-id-meta":"","stick-header-meta":"","header-above-stick-meta":"","header-main-stick-meta":"","header-below-stick-meta":"","astra-migrate-meta-layouts":"default","ast-page-background-enabled":"default","ast-page-background-meta":{"desktop":{"background-color":"","background-image":"","background-repeat":"repeat","background-position":"center center","background-size":"auto","background-attachment":"scroll","background-type":"","background-media":"","overlay-type":"","overlay-color":"","overlay-opacity":"","overlay-gradient":""},"tablet":{"background-color":"","background-image":"","background-repeat":"repeat","background-position":"center center","background-size":"auto","background-attachment":"scroll","background-type":"","background-media":"","overlay-type":"","overlay-color":"","overlay-opacity":"","overlay-gradient":""},"mobile":{"background-color":"","background-image":"","background-repeat":"repeat","background-position":"center center","background-size":"auto","background-attachment":"scroll","background-type":"","background-media":"","overlay-type":"","overlay-color":"","overlay-opacity":"","overlay-gradient":""}},"ast-content-background-meta":{"desktop":{"background-color":"var(--ast-global-color-5)","background-image":"","background-repeat":"repeat","background-position":"center center","background-size":"auto","background-attachment":"scroll","background-type":"","background-media":"","overlay-type":"","overlay-color":"","overlay-opacity":"","overlay-gradient":""},"tablet":{"background-color":"var(--ast-global-color-5)","background-image":"","background-repeat":"repeat","background-position":"center center","background-size":"auto","background-attachment":"scroll","background-type":"","background-media":"","overlay-type":"","overlay-color":"","overlay-opacity":"","overlay-gradient":""},"mobile":{"background-color":"var(--ast-global-color-5)","background-image":"","background-repeat":"repeat","background-position":"center center","background-size":"auto","background-attachment":"scroll","background-type":"","background-media":"","overlay-type":"","overlay-color":"","overlay-opacity":"","overlay-gradient":""}},"footnotes":""},"class_list":["post-1585","page","type-page","status-publish","hentry"],"_links":{"self":[{"href":"https:\/\/orgelzolders.nl\/de\/wp-json\/wp\/v2\/pages\/1585","targetHints":{"allow":["GET"]}}],"collection":[{"href":"https:\/\/orgelzolders.nl\/de\/wp-json\/wp\/v2\/pages"}],"about":[{"href":"https:\/\/orgelzolders.nl\/de\/wp-json\/wp\/v2\/types\/page"}],"author":[{"embeddable":true,"href":"https:\/\/orgelzolders.nl\/de\/wp-json\/wp\/v2\/users\/5"}],"replies":[{"embeddable":true,"href":"https:\/\/orgelzolders.nl\/de\/wp-json\/wp\/v2\/comments?post=1585"}],"version-history":[{"count":3,"href":"https:\/\/orgelzolders.nl\/de\/wp-json\/wp\/v2\/pages\/1585\/revisions"}],"predecessor-version":[{"id":1590,"href":"https:\/\/orgelzolders.nl\/de\/wp-json\/wp\/v2\/pages\/1585\/revisions\/1590"}],"wp:attachment":[{"href":"https:\/\/orgelzolders.nl\/de\/wp-json\/wp\/v2\/media?parent=1585"}],"curies":[{"name":"wp","href":"https:\/\/api.w.org\/{rel}","templated":true}]}}