{"id":1581,"date":"2022-04-18T07:58:50","date_gmt":"2022-04-18T07:58:50","guid":{"rendered":"https:\/\/orgelzolders.nl\/?page_id=1581"},"modified":"2022-04-18T08:05:02","modified_gmt":"2022-04-18T08:05:02","slug":"fundstuecke-von-den-orgeldachboeden","status":"publish","type":"page","link":"https:\/\/orgelzolders.nl\/de\/die-geschichte-der-orgeldachboeden\/fundstuecke-von-den-orgeldachboeden\/","title":{"rendered":"Fundst\u00fccke von den Orgeldachb\u00f6den"},"content":{"rendered":"\n<p>5. Mai 1945: Die Niederlande werden befreit. Am 6. Mai schlossen die Untergetauchten zum letzten Mal die Luken zu den Dachb\u00f6den, um nie wieder dorthin zur\u00fcckzukehren. Ende der 1960er-Jahre entdeckten Zimmerleute bei einer Renovierung der Kirche einen der beiden Dachb\u00f6den, doch zu dieser Zeit gab es wenig Interesse an diesem Fund. Erst im Jahr 2006, als das 75-j\u00e4hrige Jubil\u00e4um der Breepleinkirche vorbereitet wurde, tauchten die Geschichten erneut auf und die beiden Dachb\u00f6den wurden wieder ge\u00f6ffnet.<\/p>\n\n\n\n<p>Die Besucher k\u00f6nnen die untenstehend abgebildeten Fundst\u00fccke besichtigen, Gegenst\u00e4nde, die die Untergetauchten zur\u00fcckgelassen haben.<\/p>\n\n\n\n<figure class=\"wp-block-gallery has-nested-images columns-2 wp-block-gallery-1 is-layout-flex wp-block-gallery-is-layout-flex\">\n<figure class=\"wp-block-image size-large is-style-default\"><img decoding=\"async\" width=\"640\" height=\"440\" data-id=\"106\" data-src=\"https:\/\/orgelzolders.nl\/wp-content\/uploads\/2020\/04\/verpakking-kruidenier-640x440-1.jpg\" alt=\"Voedelverpakking\" class=\"wp-image-106 lazyload\" data-srcset=\"https:\/\/orgelzolders.nl\/wp-content\/uploads\/2020\/04\/verpakking-kruidenier-640x440-1.jpg 640w, https:\/\/orgelzolders.nl\/wp-content\/uploads\/2020\/04\/verpakking-kruidenier-640x440-1-600x413.jpg 600w, https:\/\/orgelzolders.nl\/wp-content\/uploads\/2020\/04\/verpakking-kruidenier-640x440-1-300x206.jpg 300w\" data-sizes=\"(max-width: 640px) 100vw, 640px\" src=\"data:image\/svg+xml;base64,PHN2ZyB3aWR0aD0iMSIgaGVpZ2h0PSIxIiB4bWxucz0iaHR0cDovL3d3dy53My5vcmcvMjAwMC9zdmciPjwvc3ZnPg==\" style=\"--smush-placeholder-width: 640px; --smush-placeholder-aspect-ratio: 640\/440;\" \/><figcaption>Lebensmittelverpackung<\/figcaption><\/figure>\n\n\n\n<figure class=\"wp-block-image size-large is-style-default\"><img decoding=\"async\" width=\"640\" height=\"427\" data-id=\"105\" data-src=\"https:\/\/orgelzolders.nl\/wp-content\/uploads\/2020\/04\/riem-jurk-640x427-1.jpg\" alt=\"Wollen riem en gesp\" class=\"wp-image-105 lazyload\" data-srcset=\"https:\/\/orgelzolders.nl\/wp-content\/uploads\/2020\/04\/riem-jurk-640x427-1.jpg 640w, https:\/\/orgelzolders.nl\/wp-content\/uploads\/2020\/04\/riem-jurk-640x427-1-600x400.jpg 600w, https:\/\/orgelzolders.nl\/wp-content\/uploads\/2020\/04\/riem-jurk-640x427-1-300x200.jpg 300w\" data-sizes=\"(max-width: 640px) 100vw, 640px\" src=\"data:image\/svg+xml;base64,PHN2ZyB3aWR0aD0iMSIgaGVpZ2h0PSIxIiB4bWxucz0iaHR0cDovL3d3dy53My5vcmcvMjAwMC9zdmciPjwvc3ZnPg==\" style=\"--smush-placeholder-width: 640px; --smush-placeholder-aspect-ratio: 640\/427;\" \/><figcaption>Wollg\u00fcrtel mit Schnalle<\/figcaption><\/figure>\n\n\n\n<figure class=\"wp-block-image size-large is-style-default\"><img decoding=\"async\" width=\"640\" height=\"451\" data-id=\"104\" data-src=\"https:\/\/orgelzolders.nl\/wp-content\/uploads\/2020\/04\/naaigerei-640x451-1.jpg\" alt=\"Naaigerei, zijde\" class=\"wp-image-104 lazyload\" data-srcset=\"https:\/\/orgelzolders.nl\/wp-content\/uploads\/2020\/04\/naaigerei-640x451-1.jpg 640w, https:\/\/orgelzolders.nl\/wp-content\/uploads\/2020\/04\/naaigerei-640x451-1-600x423.jpg 600w, https:\/\/orgelzolders.nl\/wp-content\/uploads\/2020\/04\/naaigerei-640x451-1-300x211.jpg 300w\" data-sizes=\"(max-width: 640px) 100vw, 640px\" src=\"data:image\/svg+xml;base64,PHN2ZyB3aWR0aD0iMSIgaGVpZ2h0PSIxIiB4bWxucz0iaHR0cDovL3d3dy53My5vcmcvMjAwMC9zdmciPjwvc3ZnPg==\" style=\"--smush-placeholder-width: 640px; --smush-placeholder-aspect-ratio: 640\/451;\" \/><figcaption>N\u00e4hzeug aus Seide<\/figcaption><\/figure>\n\n\n\n<figure class=\"wp-block-image size-large is-style-default\"><img decoding=\"async\" width=\"640\" height=\"445\" data-id=\"103\" data-src=\"https:\/\/orgelzolders.nl\/wp-content\/uploads\/2020\/04\/N20A2752_bewerkt-1-640x445-1.jpg\" alt=\"Theekopje met bloemen\" class=\"wp-image-103 lazyload\" data-srcset=\"https:\/\/orgelzolders.nl\/wp-content\/uploads\/2020\/04\/N20A2752_bewerkt-1-640x445-1.jpg 640w, https:\/\/orgelzolders.nl\/wp-content\/uploads\/2020\/04\/N20A2752_bewerkt-1-640x445-1-600x417.jpg 600w, https:\/\/orgelzolders.nl\/wp-content\/uploads\/2020\/04\/N20A2752_bewerkt-1-640x445-1-300x209.jpg 300w\" data-sizes=\"(max-width: 640px) 100vw, 640px\" src=\"data:image\/svg+xml;base64,PHN2ZyB3aWR0aD0iMSIgaGVpZ2h0PSIxIiB4bWxucz0iaHR0cDovL3d3dy53My5vcmcvMjAwMC9zdmciPjwvc3ZnPg==\" style=\"--smush-placeholder-width: 640px; --smush-placeholder-aspect-ratio: 640\/445;\" \/><figcaption>Teetasse<\/figcaption><\/figure>\n\n\n\n<figure class=\"wp-block-image size-large is-style-default\"><img decoding=\"async\" width=\"640\" height=\"427\" data-id=\"102\" data-src=\"https:\/\/orgelzolders.nl\/wp-content\/uploads\/2020\/04\/N20A2715-640x427-1.jpg\" alt=\"Hollandsche roomboter deksel\" class=\"wp-image-102 lazyload\" data-srcset=\"https:\/\/orgelzolders.nl\/wp-content\/uploads\/2020\/04\/N20A2715-640x427-1.jpg 640w, https:\/\/orgelzolders.nl\/wp-content\/uploads\/2020\/04\/N20A2715-640x427-1-600x400.jpg 600w, https:\/\/orgelzolders.nl\/wp-content\/uploads\/2020\/04\/N20A2715-640x427-1-300x200.jpg 300w\" data-sizes=\"(max-width: 640px) 100vw, 640px\" src=\"data:image\/svg+xml;base64,PHN2ZyB3aWR0aD0iMSIgaGVpZ2h0PSIxIiB4bWxucz0iaHR0cDovL3d3dy53My5vcmcvMjAwMC9zdmciPjwvc3ZnPg==\" style=\"--smush-placeholder-width: 640px; --smush-placeholder-aspect-ratio: 640\/427;\" \/><figcaption>Deckel einer Butterpackung<\/figcaption><\/figure>\n\n\n\n<figure class=\"wp-block-image size-large is-style-default\"><img decoding=\"async\" width=\"640\" height=\"404\" data-id=\"101\" data-src=\"https:\/\/orgelzolders.nl\/wp-content\/uploads\/2020\/04\/N20A2693-640x404-1.jpg\" alt=\"Wybertjes\" class=\"wp-image-101 lazyload\" data-srcset=\"https:\/\/orgelzolders.nl\/wp-content\/uploads\/2020\/04\/N20A2693-640x404-1.jpg 640w, https:\/\/orgelzolders.nl\/wp-content\/uploads\/2020\/04\/N20A2693-640x404-1-600x379.jpg 600w, https:\/\/orgelzolders.nl\/wp-content\/uploads\/2020\/04\/N20A2693-640x404-1-300x189.jpg 300w\" data-sizes=\"(max-width: 640px) 100vw, 640px\" src=\"data:image\/svg+xml;base64,PHN2ZyB3aWR0aD0iMSIgaGVpZ2h0PSIxIiB4bWxucz0iaHR0cDovL3d3dy53My5vcmcvMjAwMC9zdmciPjwvc3ZnPg==\" style=\"--smush-placeholder-width: 640px; --smush-placeholder-aspect-ratio: 640\/404;\" \/><figcaption>Dose Wybertjes (gegen Halsschmerzen)<\/figcaption><\/figure>\n\n\n\n<figure class=\"wp-block-image size-large is-style-default\"><img decoding=\"async\" width=\"640\" height=\"451\" data-id=\"100\" data-src=\"https:\/\/orgelzolders.nl\/wp-content\/uploads\/2020\/04\/N20A2670-640x451-1.jpg\" alt=\"Muizengif\" class=\"wp-image-100 lazyload\" data-srcset=\"https:\/\/orgelzolders.nl\/wp-content\/uploads\/2020\/04\/N20A2670-640x451-1.jpg 640w, https:\/\/orgelzolders.nl\/wp-content\/uploads\/2020\/04\/N20A2670-640x451-1-600x423.jpg 600w, https:\/\/orgelzolders.nl\/wp-content\/uploads\/2020\/04\/N20A2670-640x451-1-300x211.jpg 300w\" data-sizes=\"(max-width: 640px) 100vw, 640px\" src=\"data:image\/svg+xml;base64,PHN2ZyB3aWR0aD0iMSIgaGVpZ2h0PSIxIiB4bWxucz0iaHR0cDovL3d3dy53My5vcmcvMjAwMC9zdmciPjwvc3ZnPg==\" style=\"--smush-placeholder-width: 640px; --smush-placeholder-aspect-ratio: 640\/451;\" \/><figcaption>M\u00e4usegift<\/figcaption><\/figure>\n\n\n\n<figure class=\"wp-block-image size-large is-style-default\"><img decoding=\"async\" width=\"640\" height=\"440\" data-id=\"99\" data-src=\"https:\/\/orgelzolders.nl\/wp-content\/uploads\/2020\/04\/N20A2657_bewerkt-1-640x440-1.jpg\" alt=\"Sjaal\" class=\"wp-image-99 lazyload\" data-srcset=\"https:\/\/orgelzolders.nl\/wp-content\/uploads\/2020\/04\/N20A2657_bewerkt-1-640x440-1.jpg 640w, https:\/\/orgelzolders.nl\/wp-content\/uploads\/2020\/04\/N20A2657_bewerkt-1-640x440-1-600x413.jpg 600w, https:\/\/orgelzolders.nl\/wp-content\/uploads\/2020\/04\/N20A2657_bewerkt-1-640x440-1-300x206.jpg 300w\" data-sizes=\"(max-width: 640px) 100vw, 640px\" src=\"data:image\/svg+xml;base64,PHN2ZyB3aWR0aD0iMSIgaGVpZ2h0PSIxIiB4bWxucz0iaHR0cDovL3d3dy53My5vcmcvMjAwMC9zdmciPjwvc3ZnPg==\" style=\"--smush-placeholder-width: 640px; --smush-placeholder-aspect-ratio: 640\/440;\" \/><figcaption>Schal<\/figcaption><\/figure>\n\n\n\n<figure class=\"wp-block-image size-large is-style-default\"><img decoding=\"async\" width=\"640\" height=\"469\" data-id=\"98\" data-src=\"https:\/\/orgelzolders.nl\/wp-content\/uploads\/2020\/04\/N20A2641-640x469-1.jpg\" alt=\"Kussenhoesje\" class=\"wp-image-98 lazyload\" data-srcset=\"https:\/\/orgelzolders.nl\/wp-content\/uploads\/2020\/04\/N20A2641-640x469-1.jpg 640w, https:\/\/orgelzolders.nl\/wp-content\/uploads\/2020\/04\/N20A2641-640x469-1-600x440.jpg 600w\" data-sizes=\"(max-width: 640px) 100vw, 640px\" src=\"data:image\/svg+xml;base64,PHN2ZyB3aWR0aD0iMSIgaGVpZ2h0PSIxIiB4bWxucz0iaHR0cDovL3d3dy53My5vcmcvMjAwMC9zdmciPjwvc3ZnPg==\" style=\"--smush-placeholder-width: 640px; --smush-placeholder-aspect-ratio: 640\/469;\" \/><figcaption>Kopfkissenbezug von Fifi de Zoete<\/figcaption><\/figure>\n\n\n\n<figure class=\"wp-block-image size-large is-style-default\"><img decoding=\"async\" width=\"640\" height=\"444\" data-id=\"97\" data-src=\"https:\/\/orgelzolders.nl\/wp-content\/uploads\/2020\/04\/N20A2589-640x444-1.jpg\" alt=\"Kledingverpakking\" class=\"wp-image-97 lazyload\" data-srcset=\"https:\/\/orgelzolders.nl\/wp-content\/uploads\/2020\/04\/N20A2589-640x444-1.jpg 640w, https:\/\/orgelzolders.nl\/wp-content\/uploads\/2020\/04\/N20A2589-640x444-1-600x416.jpg 600w, https:\/\/orgelzolders.nl\/wp-content\/uploads\/2020\/04\/N20A2589-640x444-1-300x208.jpg 300w\" data-sizes=\"(max-width: 640px) 100vw, 640px\" src=\"data:image\/svg+xml;base64,PHN2ZyB3aWR0aD0iMSIgaGVpZ2h0PSIxIiB4bWxucz0iaHR0cDovL3d3dy53My5vcmcvMjAwMC9zdmciPjwvc3ZnPg==\" style=\"--smush-placeholder-width: 640px; --smush-placeholder-aspect-ratio: 640\/444;\" \/><figcaption>Verpackung von Kleidung\u00a0<\/figcaption><\/figure>\n\n\n\n<figure class=\"wp-block-image size-large is-style-default\"><img decoding=\"async\" width=\"640\" height=\"437\" data-id=\"96\" data-src=\"https:\/\/orgelzolders.nl\/wp-content\/uploads\/2020\/04\/N20A2579-640x437-1.jpg\" alt=\"Schets van de zolder\" class=\"wp-image-96 lazyload\" data-srcset=\"https:\/\/orgelzolders.nl\/wp-content\/uploads\/2020\/04\/N20A2579-640x437-1.jpg 640w, https:\/\/orgelzolders.nl\/wp-content\/uploads\/2020\/04\/N20A2579-640x437-1-600x410.jpg 600w, https:\/\/orgelzolders.nl\/wp-content\/uploads\/2020\/04\/N20A2579-640x437-1-300x205.jpg 300w\" data-sizes=\"(max-width: 640px) 100vw, 640px\" src=\"data:image\/svg+xml;base64,PHN2ZyB3aWR0aD0iMSIgaGVpZ2h0PSIxIiB4bWxucz0iaHR0cDovL3d3dy53My5vcmcvMjAwMC9zdmciPjwvc3ZnPg==\" style=\"--smush-placeholder-width: 640px; --smush-placeholder-aspect-ratio: 640\/437;\" \/><figcaption>Skizze des Dachbodens<\/figcaption><\/figure>\n\n\n\n<figure class=\"wp-block-image size-large is-style-default\"><img decoding=\"async\" width=\"640\" height=\"411\" data-id=\"95\" data-src=\"https:\/\/orgelzolders.nl\/wp-content\/uploads\/2020\/04\/N20A2578-640x411-1.jpg\" alt=\"medicijnverpakking\" class=\"wp-image-95 lazyload\" data-srcset=\"https:\/\/orgelzolders.nl\/wp-content\/uploads\/2020\/04\/N20A2578-640x411-1.jpg 640w, https:\/\/orgelzolders.nl\/wp-content\/uploads\/2020\/04\/N20A2578-640x411-1-600x385.jpg 600w, https:\/\/orgelzolders.nl\/wp-content\/uploads\/2020\/04\/N20A2578-640x411-1-300x193.jpg 300w\" data-sizes=\"(max-width: 640px) 100vw, 640px\" src=\"data:image\/svg+xml;base64,PHN2ZyB3aWR0aD0iMSIgaGVpZ2h0PSIxIiB4bWxucz0iaHR0cDovL3d3dy53My5vcmcvMjAwMC9zdmciPjwvc3ZnPg==\" style=\"--smush-placeholder-width: 640px; --smush-placeholder-aspect-ratio: 640\/411;\" \/><figcaption>Verpackung von Medikamenten<\/figcaption><\/figure>\n\n\n\n<figure class=\"wp-block-image size-large is-style-default\"><img decoding=\"async\" width=\"640\" height=\"442\" data-id=\"94\" data-src=\"https:\/\/orgelzolders.nl\/wp-content\/uploads\/2020\/04\/krulspelden-640x442-1.jpg\" alt=\"krulspelden\" class=\"wp-image-94 lazyload\" data-srcset=\"https:\/\/orgelzolders.nl\/wp-content\/uploads\/2020\/04\/krulspelden-640x442-1.jpg 640w, https:\/\/orgelzolders.nl\/wp-content\/uploads\/2020\/04\/krulspelden-640x442-1-600x414.jpg 600w, https:\/\/orgelzolders.nl\/wp-content\/uploads\/2020\/04\/krulspelden-640x442-1-300x207.jpg 300w\" data-sizes=\"(max-width: 640px) 100vw, 640px\" src=\"data:image\/svg+xml;base64,PHN2ZyB3aWR0aD0iMSIgaGVpZ2h0PSIxIiB4bWxucz0iaHR0cDovL3d3dy53My5vcmcvMjAwMC9zdmciPjwvc3ZnPg==\" style=\"--smush-placeholder-width: 640px; --smush-placeholder-aspect-ratio: 640\/442;\" \/><figcaption>Lockenwickler<\/figcaption><\/figure>\n\n\n\n<figure class=\"wp-block-image size-large is-style-default\"><img decoding=\"async\" width=\"640\" height=\"427\" data-id=\"93\" data-src=\"https:\/\/orgelzolders.nl\/wp-content\/uploads\/2020\/04\/conserven-olielampjes-640x427-1.jpg\" alt=\"3 conserven olielampjes\" class=\"wp-image-93 lazyload\" data-srcset=\"https:\/\/orgelzolders.nl\/wp-content\/uploads\/2020\/04\/conserven-olielampjes-640x427-1.jpg 640w, https:\/\/orgelzolders.nl\/wp-content\/uploads\/2020\/04\/conserven-olielampjes-640x427-1-600x400.jpg 600w, https:\/\/orgelzolders.nl\/wp-content\/uploads\/2020\/04\/conserven-olielampjes-640x427-1-300x200.jpg 300w\" data-sizes=\"(max-width: 640px) 100vw, 640px\" src=\"data:image\/svg+xml;base64,PHN2ZyB3aWR0aD0iMSIgaGVpZ2h0PSIxIiB4bWxucz0iaHR0cDovL3d3dy53My5vcmcvMjAwMC9zdmciPjwvc3ZnPg==\" style=\"--smush-placeholder-width: 640px; --smush-placeholder-aspect-ratio: 640\/427;\" \/><figcaption>Konservendosen, in denen die Untergetauchten Kerzen oder Kohlest\u00fccke verbrannten<\/figcaption><\/figure>\n\n\n\n<figure class=\"wp-block-image size-large is-style-default\"><img decoding=\"async\" width=\"640\" height=\"459\" data-id=\"92\" data-src=\"https:\/\/orgelzolders.nl\/wp-content\/uploads\/2020\/04\/zakdoekje-Fifi-de-Zoete-640x459-1.jpg\" alt=\"zakdoekje Fifi de Zoete\" class=\"wp-image-92 lazyload\" data-srcset=\"https:\/\/orgelzolders.nl\/wp-content\/uploads\/2020\/04\/zakdoekje-Fifi-de-Zoete-640x459-1.jpg 640w, https:\/\/orgelzolders.nl\/wp-content\/uploads\/2020\/04\/zakdoekje-Fifi-de-Zoete-640x459-1-600x430.jpg 600w, https:\/\/orgelzolders.nl\/wp-content\/uploads\/2020\/04\/zakdoekje-Fifi-de-Zoete-640x459-1-300x215.jpg 300w\" data-sizes=\"(max-width: 640px) 100vw, 640px\" src=\"data:image\/svg+xml;base64,PHN2ZyB3aWR0aD0iMSIgaGVpZ2h0PSIxIiB4bWxucz0iaHR0cDovL3d3dy53My5vcmcvMjAwMC9zdmciPjwvc3ZnPg==\" style=\"--smush-placeholder-width: 640px; --smush-placeholder-aspect-ratio: 640\/459;\" \/><figcaption>Taschentuch von Fifi de Zoete<\/figcaption><\/figure>\n<\/figure>\n\n\n\n<p>Copyright \u00a9 2021 Schuilplaats Orgelzolders Rotterdam.<\/p>\n\n\n\n<p>Bilder auf dieser Website d\u00fcrfen nicht ohne Genehmigung f\u00fcr \u00f6ffentliche oder kommerzielle Zwecke verwendet werden.<\/p>\n","protected":false},"excerpt":{"rendered":"<p>5. Mai 1945: Die Niederlande werden befreit. Am 6. Mai schlossen die Untergetauchten zum letzten Mal die Luken zu den Dachb\u00f6den, um nie wieder dorthin zur\u00fcckzukehren. Ende der 1960er-Jahre entdeckten Zimmerleute bei einer Renovierung der Kirche einen der beiden Dachb\u00f6den, doch zu dieser Zeit gab es wenig Interesse an diesem Fund. Erst im Jahr 2006, [&hellip;]<\/p>\n","protected":false},"author":5,"featured_media":0,"parent":1536,"menu_order":0,"comment_status":"closed","ping_status":"closed","template":"","meta":{"site-sidebar-layout":"default","site-content-layout":"default","ast-site-content-layout":"default","site-content-style":"default","site-sidebar-style":"default","ast-global-header-display":"","ast-banner-title-visibility":"","ast-main-header-display":"","ast-hfb-above-header-display":"","ast-hfb-below-header-display":"","ast-hfb-mobile-header-display":"","site-post-title":"","ast-breadcrumbs-content":"","ast-featured-img":"","footer-sml-layout":"","ast-disable-related-posts":"","theme-transparent-header-meta":"default","adv-header-id-meta":"","stick-header-meta":"","header-above-stick-meta":"","header-main-stick-meta":"","header-below-stick-meta":"","astra-migrate-meta-layouts":"default","ast-page-background-enabled":"default","ast-page-background-meta":{"desktop":{"background-color":"","background-image":"","background-repeat":"repeat","background-position":"center center","background-size":"auto","background-attachment":"scroll","background-type":"","background-media":"","overlay-type":"","overlay-color":"","overlay-opacity":"","overlay-gradient":""},"tablet":{"background-color":"","background-image":"","background-repeat":"repeat","background-position":"center center","background-size":"auto","background-attachment":"scroll","background-type":"","background-media":"","overlay-type":"","overlay-color":"","overlay-opacity":"","overlay-gradient":""},"mobile":{"background-color":"","background-image":"","background-repeat":"repeat","background-position":"center center","background-size":"auto","background-attachment":"scroll","background-type":"","background-media":"","overlay-type":"","overlay-color":"","overlay-opacity":"","overlay-gradient":""}},"ast-content-background-meta":{"desktop":{"background-color":"var(--ast-global-color-5)","background-image":"","background-repeat":"repeat","background-position":"center center","background-size":"auto","background-attachment":"scroll","background-type":"","background-media":"","overlay-type":"","overlay-color":"","overlay-opacity":"","overlay-gradient":""},"tablet":{"background-color":"var(--ast-global-color-5)","background-image":"","background-repeat":"repeat","background-position":"center center","background-size":"auto","background-attachment":"scroll","background-type":"","background-media":"","overlay-type":"","overlay-color":"","overlay-opacity":"","overlay-gradient":""},"mobile":{"background-color":"var(--ast-global-color-5)","background-image":"","background-repeat":"repeat","background-position":"center center","background-size":"auto","background-attachment":"scroll","background-type":"","background-media":"","overlay-type":"","overlay-color":"","overlay-opacity":"","overlay-gradient":""}},"footnotes":""},"class_list":["post-1581","page","type-page","status-publish","hentry"],"_links":{"self":[{"href":"https:\/\/orgelzolders.nl\/de\/wp-json\/wp\/v2\/pages\/1581","targetHints":{"allow":["GET"]}}],"collection":[{"href":"https:\/\/orgelzolders.nl\/de\/wp-json\/wp\/v2\/pages"}],"about":[{"href":"https:\/\/orgelzolders.nl\/de\/wp-json\/wp\/v2\/types\/page"}],"author":[{"embeddable":true,"href":"https:\/\/orgelzolders.nl\/de\/wp-json\/wp\/v2\/users\/5"}],"replies":[{"embeddable":true,"href":"https:\/\/orgelzolders.nl\/de\/wp-json\/wp\/v2\/comments?post=1581"}],"version-history":[{"count":2,"href":"https:\/\/orgelzolders.nl\/de\/wp-json\/wp\/v2\/pages\/1581\/revisions"}],"predecessor-version":[{"id":1584,"href":"https:\/\/orgelzolders.nl\/de\/wp-json\/wp\/v2\/pages\/1581\/revisions\/1584"}],"up":[{"embeddable":true,"href":"https:\/\/orgelzolders.nl\/de\/wp-json\/wp\/v2\/pages\/1536"}],"wp:attachment":[{"href":"https:\/\/orgelzolders.nl\/de\/wp-json\/wp\/v2\/media?parent=1581"}],"curies":[{"name":"wp","href":"https:\/\/api.w.org\/{rel}","templated":true}]}}