{"id":1555,"date":"2022-04-16T19:03:40","date_gmt":"2022-04-16T19:03:40","guid":{"rendered":"https:\/\/orgelzolders.nl\/?page_id=1555"},"modified":"2022-04-16T19:03:42","modified_gmt":"2022-04-16T19:03:42","slug":"invisible-years","status":"publish","type":"page","link":"https:\/\/orgelzolders.nl\/de\/invisible-years\/","title":{"rendered":"Invisible Years"},"content":{"rendered":"\n<p>Im Fr\u00fchjahr 2020 erschien in den Vereinigten Staaten das Buch <em>Invisible Years (Unsichtbare Jahre)<\/em>, geschrieben von Daphne Geismar, einer Enkelin von Chaim und Fifi de Zoete-Polak, dem Ehepaar, das w\u00e4hrend des Zweiten Weltkriegs auf den Orgeldachb\u00f6den Zuflucht fand. Die Autorin nimmt die Leserschaft mit auf den Lebensweg der Familien De Zoete und Polak (ihre Gro\u00dfeltern) und Geismar, der Familie ihres Ehemannes. Das beeindruckende Buch enth\u00e4lt eine Vielzahl an Abbildungen, darunter das hier gezeigte Foto: Chaim de Zoete (links) Ende der 1930er-Jahre, als Apotheker im Dienst der Stadt Rotterdam t\u00e4tig.<\/p>\n\n\n\n<p>Invisible Years<br>Herausgeber: David R. Godine<br>Preis: 37,15 Euro, bestellbar bei https:\/\/www.amazon.de.<br>ISBN 978-1-56792-659-0<\/p>\n\n\n\n<div class=\"wp-block-image\"><figure class=\"aligncenter size-large is-resized\"><img decoding=\"async\" data-src=\"https:\/\/orgelzolders.nl\/wp-content\/uploads\/2021\/04\/foto-invisible-years-725x1024.jpg\" alt=\"foto boek Invisible Years\" class=\"wp-image-860 lazyload\" width=\"363\" height=\"512\" data-srcset=\"https:\/\/orgelzolders.nl\/wp-content\/uploads\/2021\/04\/foto-invisible-years-725x1024.jpg 725w, https:\/\/orgelzolders.nl\/wp-content\/uploads\/2021\/04\/foto-invisible-years-600x847.jpg 600w, https:\/\/orgelzolders.nl\/wp-content\/uploads\/2021\/04\/foto-invisible-years-213x300.jpg 213w, https:\/\/orgelzolders.nl\/wp-content\/uploads\/2021\/04\/foto-invisible-years-768x1084.jpg 768w, https:\/\/orgelzolders.nl\/wp-content\/uploads\/2021\/04\/foto-invisible-years-1088x1536.jpg 1088w, https:\/\/orgelzolders.nl\/wp-content\/uploads\/2021\/04\/foto-invisible-years.jpg 1275w\" data-sizes=\"(max-width: 363px) 100vw, 363px\" src=\"data:image\/svg+xml;base64,PHN2ZyB3aWR0aD0iMSIgaGVpZ2h0PSIxIiB4bWxucz0iaHR0cDovL3d3dy53My5vcmcvMjAwMC9zdmciPjwvc3ZnPg==\" style=\"--smush-placeholder-width: 363px; --smush-placeholder-aspect-ratio: 363\/512;\" \/><\/figure><\/div>\n\n\n\n<div class=\"wp-block-image\"><figure class=\"aligncenter size-large is-resized\"><img decoding=\"async\" data-src=\"https:\/\/orgelzolders.nl\/wp-content\/uploads\/2021\/04\/Chaim-in-de-apotheek-734x1024.jpg\" alt=\"foto van Chaim in de apotheek\" class=\"wp-image-863 lazyload\" width=\"551\" height=\"768\" data-srcset=\"https:\/\/orgelzolders.nl\/wp-content\/uploads\/2021\/04\/Chaim-in-de-apotheek-734x1024.jpg 734w, https:\/\/orgelzolders.nl\/wp-content\/uploads\/2021\/04\/Chaim-in-de-apotheek-215x300.jpg 215w, https:\/\/orgelzolders.nl\/wp-content\/uploads\/2021\/04\/Chaim-in-de-apotheek-768x1072.jpg 768w, https:\/\/orgelzolders.nl\/wp-content\/uploads\/2021\/04\/Chaim-in-de-apotheek-1100x1536.jpg 1100w, https:\/\/orgelzolders.nl\/wp-content\/uploads\/2021\/04\/Chaim-in-de-apotheek-1467x2048.jpg 1467w, https:\/\/orgelzolders.nl\/wp-content\/uploads\/2021\/04\/Chaim-in-de-apotheek-scaled.jpg 1834w\" data-sizes=\"(max-width: 551px) 100vw, 551px\" src=\"data:image\/svg+xml;base64,PHN2ZyB3aWR0aD0iMSIgaGVpZ2h0PSIxIiB4bWxucz0iaHR0cDovL3d3dy53My5vcmcvMjAwMC9zdmciPjwvc3ZnPg==\" style=\"--smush-placeholder-width: 551px; --smush-placeholder-aspect-ratio: 551\/768;\" \/><figcaption>Chaim in de apotheek<\/figcaption><\/figure><\/div>\n","protected":false},"excerpt":{"rendered":"<p>Im Fr\u00fchjahr 2020 erschien in den Vereinigten Staaten das Buch Invisible Years (Unsichtbare Jahre), geschrieben von Daphne Geismar, einer Enkelin von Chaim und Fifi de Zoete-Polak, dem Ehepaar, das w\u00e4hrend des Zweiten Weltkriegs auf den Orgeldachb\u00f6den Zuflucht fand. Die Autorin nimmt die Leserschaft mit auf den Lebensweg der Familien De Zoete und Polak (ihre Gro\u00dfeltern) [&hellip;]<\/p>\n","protected":false},"author":5,"featured_media":0,"parent":0,"menu_order":0,"comment_status":"closed","ping_status":"closed","template":"","meta":{"site-sidebar-layout":"default","site-content-layout":"default","ast-site-content-layout":"default","site-content-style":"default","site-sidebar-style":"default","ast-global-header-display":"","ast-banner-title-visibility":"","ast-main-header-display":"","ast-hfb-above-header-display":"","ast-hfb-below-header-display":"","ast-hfb-mobile-header-display":"","site-post-title":"","ast-breadcrumbs-content":"","ast-featured-img":"","footer-sml-layout":"","ast-disable-related-posts":"","theme-transparent-header-meta":"default","adv-header-id-meta":"","stick-header-meta":"","header-above-stick-meta":"","header-main-stick-meta":"","header-below-stick-meta":"","astra-migrate-meta-layouts":"default","ast-page-background-enabled":"default","ast-page-background-meta":{"desktop":{"background-color":"","background-image":"","background-repeat":"repeat","background-position":"center center","background-size":"auto","background-attachment":"scroll","background-type":"","background-media":"","overlay-type":"","overlay-color":"","overlay-opacity":"","overlay-gradient":""},"tablet":{"background-color":"","background-image":"","background-repeat":"repeat","background-position":"center center","background-size":"auto","background-attachment":"scroll","background-type":"","background-media":"","overlay-type":"","overlay-color":"","overlay-opacity":"","overlay-gradient":""},"mobile":{"background-color":"","background-image":"","background-repeat":"repeat","background-position":"center center","background-size":"auto","background-attachment":"scroll","background-type":"","background-media":"","overlay-type":"","overlay-color":"","overlay-opacity":"","overlay-gradient":""}},"ast-content-background-meta":{"desktop":{"background-color":"var(--ast-global-color-5)","background-image":"","background-repeat":"repeat","background-position":"center center","background-size":"auto","background-attachment":"scroll","background-type":"","background-media":"","overlay-type":"","overlay-color":"","overlay-opacity":"","overlay-gradient":""},"tablet":{"background-color":"var(--ast-global-color-5)","background-image":"","background-repeat":"repeat","background-position":"center center","background-size":"auto","background-attachment":"scroll","background-type":"","background-media":"","overlay-type":"","overlay-color":"","overlay-opacity":"","overlay-gradient":""},"mobile":{"background-color":"var(--ast-global-color-5)","background-image":"","background-repeat":"repeat","background-position":"center center","background-size":"auto","background-attachment":"scroll","background-type":"","background-media":"","overlay-type":"","overlay-color":"","overlay-opacity":"","overlay-gradient":""}},"footnotes":""},"class_list":["post-1555","page","type-page","status-publish","hentry"],"_links":{"self":[{"href":"https:\/\/orgelzolders.nl\/de\/wp-json\/wp\/v2\/pages\/1555","targetHints":{"allow":["GET"]}}],"collection":[{"href":"https:\/\/orgelzolders.nl\/de\/wp-json\/wp\/v2\/pages"}],"about":[{"href":"https:\/\/orgelzolders.nl\/de\/wp-json\/wp\/v2\/types\/page"}],"author":[{"embeddable":true,"href":"https:\/\/orgelzolders.nl\/de\/wp-json\/wp\/v2\/users\/5"}],"replies":[{"embeddable":true,"href":"https:\/\/orgelzolders.nl\/de\/wp-json\/wp\/v2\/comments?post=1555"}],"version-history":[{"count":1,"href":"https:\/\/orgelzolders.nl\/de\/wp-json\/wp\/v2\/pages\/1555\/revisions"}],"predecessor-version":[{"id":1556,"href":"https:\/\/orgelzolders.nl\/de\/wp-json\/wp\/v2\/pages\/1555\/revisions\/1556"}],"wp:attachment":[{"href":"https:\/\/orgelzolders.nl\/de\/wp-json\/wp\/v2\/media?parent=1555"}],"curies":[{"name":"wp","href":"https:\/\/api.w.org\/{rel}","templated":true}]}}