{"id":1553,"date":"2022-04-16T18:57:32","date_gmt":"2022-04-16T18:57:32","guid":{"rendered":"https:\/\/orgelzolders.nl\/?page_id=1553"},"modified":"2022-04-16T18:57:34","modified_gmt":"2022-04-16T18:57:34","slug":"erasmus-ehrennadel-fuer-henk-den-haan","status":"publish","type":"page","link":"https:\/\/orgelzolders.nl\/de\/erasmus-ehrennadel-fuer-henk-den-haan\/","title":{"rendered":"Erasmus-Ehrennadel f\u00fcr Henk den Haan"},"content":{"rendered":"\n<p>Henk den Haan, der Mann, durch dessen Sp\u00fcrsinn und Ausdauer die Geschichte der Orgeldachb\u00f6den bekannt geworden ist, erhielt am 13. Februar 2019 die Erasmus-Ehrennadel von B\u00fcrgermeister Aboutaleb. Es handelt sich um eine Auszeichnung, die 1979 von der Stadt Rotterdam ins Leben gerufen wurde. Die Ehrennadel ist nach dem Humanisten Desiderius Erasmus (1466\u20131536) benannt und wird an Personen verliehen, die sich \u00fcber einen langen Zeitraum hinweg auf sozialem, kulturellem, wirtschaftlichem oder sportlichem Gebiet f\u00fcr die Rotterdamer Gesellschaft verdient gemacht haben.<\/p>\n\n\n\n<div class=\"wp-block-image\"><figure class=\"aligncenter size-large is-resized\"><img decoding=\"async\" data-src=\"https:\/\/orgelzolders.nl\/wp-content\/uploads\/2021\/04\/henk-den-haan-ontvangt-erasmusspeld-1024x742.jpg\" alt=\"Henk den Haan ontvangt Erasmusspeld\" class=\"wp-image-896 lazyload\" width=\"768\" height=\"557\" data-srcset=\"https:\/\/orgelzolders.nl\/wp-content\/uploads\/2021\/04\/henk-den-haan-ontvangt-erasmusspeld-1024x742.jpg 1024w, https:\/\/orgelzolders.nl\/wp-content\/uploads\/2021\/04\/henk-den-haan-ontvangt-erasmusspeld-600x435.jpg 600w, https:\/\/orgelzolders.nl\/wp-content\/uploads\/2021\/04\/henk-den-haan-ontvangt-erasmusspeld-300x217.jpg 300w, https:\/\/orgelzolders.nl\/wp-content\/uploads\/2021\/04\/henk-den-haan-ontvangt-erasmusspeld-768x556.jpg 768w, https:\/\/orgelzolders.nl\/wp-content\/uploads\/2021\/04\/henk-den-haan-ontvangt-erasmusspeld.jpg 1353w\" data-sizes=\"(max-width: 768px) 100vw, 768px\" src=\"data:image\/svg+xml;base64,PHN2ZyB3aWR0aD0iMSIgaGVpZ2h0PSIxIiB4bWxucz0iaHR0cDovL3d3dy53My5vcmcvMjAwMC9zdmciPjwvc3ZnPg==\" style=\"--smush-placeholder-width: 768px; --smush-placeholder-aspect-ratio: 768\/557;\" \/><figcaption>Burgemeester Aboutaleb speldt de speld op de revers van Henk den Haan<\/figcaption><\/figure><\/div>\n","protected":false},"excerpt":{"rendered":"<p>Henk den Haan, der Mann, durch dessen Sp\u00fcrsinn und Ausdauer die Geschichte der Orgeldachb\u00f6den bekannt geworden ist, erhielt am 13. Februar 2019 die Erasmus-Ehrennadel von B\u00fcrgermeister Aboutaleb. Es handelt sich um eine Auszeichnung, die 1979 von der Stadt Rotterdam ins Leben gerufen wurde. Die Ehrennadel ist nach dem Humanisten Desiderius Erasmus (1466\u20131536) benannt und wird [&hellip;]<\/p>\n","protected":false},"author":5,"featured_media":0,"parent":0,"menu_order":0,"comment_status":"closed","ping_status":"closed","template":"","meta":{"site-sidebar-layout":"default","site-content-layout":"default","ast-site-content-layout":"default","site-content-style":"default","site-sidebar-style":"default","ast-global-header-display":"","ast-banner-title-visibility":"","ast-main-header-display":"","ast-hfb-above-header-display":"","ast-hfb-below-header-display":"","ast-hfb-mobile-header-display":"","site-post-title":"","ast-breadcrumbs-content":"","ast-featured-img":"","footer-sml-layout":"","ast-disable-related-posts":"","theme-transparent-header-meta":"default","adv-header-id-meta":"","stick-header-meta":"","header-above-stick-meta":"","header-main-stick-meta":"","header-below-stick-meta":"","astra-migrate-meta-layouts":"default","ast-page-background-enabled":"default","ast-page-background-meta":{"desktop":{"background-color":"","background-image":"","background-repeat":"repeat","background-position":"center center","background-size":"auto","background-attachment":"scroll","background-type":"","background-media":"","overlay-type":"","overlay-color":"","overlay-opacity":"","overlay-gradient":""},"tablet":{"background-color":"","background-image":"","background-repeat":"repeat","background-position":"center center","background-size":"auto","background-attachment":"scroll","background-type":"","background-media":"","overlay-type":"","overlay-color":"","overlay-opacity":"","overlay-gradient":""},"mobile":{"background-color":"","background-image":"","background-repeat":"repeat","background-position":"center center","background-size":"auto","background-attachment":"scroll","background-type":"","background-media":"","overlay-type":"","overlay-color":"","overlay-opacity":"","overlay-gradient":""}},"ast-content-background-meta":{"desktop":{"background-color":"var(--ast-global-color-5)","background-image":"","background-repeat":"repeat","background-position":"center center","background-size":"auto","background-attachment":"scroll","background-type":"","background-media":"","overlay-type":"","overlay-color":"","overlay-opacity":"","overlay-gradient":""},"tablet":{"background-color":"var(--ast-global-color-5)","background-image":"","background-repeat":"repeat","background-position":"center center","background-size":"auto","background-attachment":"scroll","background-type":"","background-media":"","overlay-type":"","overlay-color":"","overlay-opacity":"","overlay-gradient":""},"mobile":{"background-color":"var(--ast-global-color-5)","background-image":"","background-repeat":"repeat","background-position":"center center","background-size":"auto","background-attachment":"scroll","background-type":"","background-media":"","overlay-type":"","overlay-color":"","overlay-opacity":"","overlay-gradient":""}},"footnotes":""},"class_list":["post-1553","page","type-page","status-publish","hentry"],"_links":{"self":[{"href":"https:\/\/orgelzolders.nl\/de\/wp-json\/wp\/v2\/pages\/1553","targetHints":{"allow":["GET"]}}],"collection":[{"href":"https:\/\/orgelzolders.nl\/de\/wp-json\/wp\/v2\/pages"}],"about":[{"href":"https:\/\/orgelzolders.nl\/de\/wp-json\/wp\/v2\/types\/page"}],"author":[{"embeddable":true,"href":"https:\/\/orgelzolders.nl\/de\/wp-json\/wp\/v2\/users\/5"}],"replies":[{"embeddable":true,"href":"https:\/\/orgelzolders.nl\/de\/wp-json\/wp\/v2\/comments?post=1553"}],"version-history":[{"count":1,"href":"https:\/\/orgelzolders.nl\/de\/wp-json\/wp\/v2\/pages\/1553\/revisions"}],"predecessor-version":[{"id":1554,"href":"https:\/\/orgelzolders.nl\/de\/wp-json\/wp\/v2\/pages\/1553\/revisions\/1554"}],"wp:attachment":[{"href":"https:\/\/orgelzolders.nl\/de\/wp-json\/wp\/v2\/media?parent=1553"}],"curies":[{"name":"wp","href":"https:\/\/api.w.org\/{rel}","templated":true}]}}