{"id":1551,"date":"2022-04-16T18:54:11","date_gmt":"2022-04-16T18:54:11","guid":{"rendered":"https:\/\/orgelzolders.nl\/?page_id=1551"},"modified":"2022-04-16T18:54:14","modified_gmt":"2022-04-16T18:54:14","slug":"massstabsgetreues-modell-der-orgeldachboeden-in-miniworld","status":"publish","type":"page","link":"https:\/\/orgelzolders.nl\/de\/massstabsgetreues-modell-der-orgeldachboeden-in-miniworld\/","title":{"rendered":"Ma\u00dfstabsgetreues Modell der Orgeldachb\u00f6den in MiniWorld"},"content":{"rendered":"\n<p>Im MiniWorld Rotterdam, einem 500 Quadratmeter gro\u00dfen Ausstellungsraum an der im Zentrum gelegenen Stra\u00dfe Weena, steht ein Modell der Breepleinkirche mit ihren Orgeldachb\u00f6den. Die R\u00e4ume, in denen drei j\u00fcdische Ehepaare die letzten Kriegsjahre verbrachten, wurden mit viel Liebe zum Detail rekonstruiert. Durch das offene Dach der Kirche k\u00f6nnen die Besucher den Aufenthaltsort von Chaim und Fifi de Zoete sehen. Auf der Stra\u00dfe neben der Kirche sehen wir den Augenarzt Leo Lashley, der auf dem Weg ist, um Rebecca Kool bei der Geburt zu helfen. Zwei M\u00e4dchen, die auf dem Weg zur Schule sind, h\u00fcpfen \u00fcber die Stra\u00dfe. Es sind Bep Hoveling und Hadassah\/Hansje. Und wir sehen die deutschen Soldaten, die im April 1945 eine Razzia in der Kirche durchf\u00fchrten, aber die Untergetauchten nicht fanden.<\/p>\n\n\n\n<p>Das Modell wurde im April 2016 von Rotterdams B\u00fcrgermeister Aboutaleb enth\u00fcllt. Die Stiftung Orgelzolders erhielt vom MiniWorld-Gesch\u00e4ftsf\u00fchrer Marc van Buren eine tragbare Ausf\u00fchrung des Modells, die in der Breepleinkirche besichtigt werden kann.<\/p>\n\n\n\n<figure class=\"wp-block-gallery has-nested-images columns-2 is-cropped wp-block-gallery-1 is-layout-flex wp-block-gallery-is-layout-flex\">\n<figure class=\"wp-block-image size-large\"><img decoding=\"async\" width=\"800\" height=\"514\" data-id=\"879\" data-src=\"https:\/\/orgelzolders.nl\/wp-content\/uploads\/2021\/04\/maquette-miniworld-005.jpg\" alt=\"\" class=\"wp-image-879 lazyload\" data-srcset=\"https:\/\/orgelzolders.nl\/wp-content\/uploads\/2021\/04\/maquette-miniworld-005.jpg 800w, https:\/\/orgelzolders.nl\/wp-content\/uploads\/2021\/04\/maquette-miniworld-005-600x386.jpg 600w, https:\/\/orgelzolders.nl\/wp-content\/uploads\/2021\/04\/maquette-miniworld-005-300x193.jpg 300w, https:\/\/orgelzolders.nl\/wp-content\/uploads\/2021\/04\/maquette-miniworld-005-768x493.jpg 768w\" data-sizes=\"(max-width: 800px) 100vw, 800px\" src=\"data:image\/svg+xml;base64,PHN2ZyB3aWR0aD0iMSIgaGVpZ2h0PSIxIiB4bWxucz0iaHR0cDovL3d3dy53My5vcmcvMjAwMC9zdmciPjwvc3ZnPg==\" style=\"--smush-placeholder-width: 800px; --smush-placeholder-aspect-ratio: 800\/514;\" \/><\/figure>\n\n\n\n<figure class=\"wp-block-image size-large\"><img decoding=\"async\" width=\"800\" height=\"595\" data-id=\"876\" data-src=\"https:\/\/orgelzolders.nl\/wp-content\/uploads\/2021\/04\/maquette-miniworld-004.jpg\" alt=\"\" class=\"wp-image-876 lazyload\" data-srcset=\"https:\/\/orgelzolders.nl\/wp-content\/uploads\/2021\/04\/maquette-miniworld-004.jpg 800w, https:\/\/orgelzolders.nl\/wp-content\/uploads\/2021\/04\/maquette-miniworld-004-600x446.jpg 600w, https:\/\/orgelzolders.nl\/wp-content\/uploads\/2021\/04\/maquette-miniworld-004-300x223.jpg 300w, https:\/\/orgelzolders.nl\/wp-content\/uploads\/2021\/04\/maquette-miniworld-004-768x571.jpg 768w\" data-sizes=\"(max-width: 800px) 100vw, 800px\" src=\"data:image\/svg+xml;base64,PHN2ZyB3aWR0aD0iMSIgaGVpZ2h0PSIxIiB4bWxucz0iaHR0cDovL3d3dy53My5vcmcvMjAwMC9zdmciPjwvc3ZnPg==\" style=\"--smush-placeholder-width: 800px; --smush-placeholder-aspect-ratio: 800\/595;\" \/><\/figure>\n\n\n\n<figure class=\"wp-block-image size-large\"><img decoding=\"async\" width=\"581\" height=\"800\" data-id=\"885\" data-src=\"https:\/\/orgelzolders.nl\/wp-content\/uploads\/2021\/04\/maquette-miniworld-002.jpg\" alt=\"\" class=\"wp-image-885 lazyload\" data-srcset=\"https:\/\/orgelzolders.nl\/wp-content\/uploads\/2021\/04\/maquette-miniworld-002.jpg 581w, https:\/\/orgelzolders.nl\/wp-content\/uploads\/2021\/04\/maquette-miniworld-002-218x300.jpg 218w\" data-sizes=\"(max-width: 581px) 100vw, 581px\" src=\"data:image\/svg+xml;base64,PHN2ZyB3aWR0aD0iMSIgaGVpZ2h0PSIxIiB4bWxucz0iaHR0cDovL3d3dy53My5vcmcvMjAwMC9zdmciPjwvc3ZnPg==\" style=\"--smush-placeholder-width: 581px; --smush-placeholder-aspect-ratio: 581\/800;\" \/><\/figure>\n\n\n\n<figure class=\"wp-block-image size-large\"><img decoding=\"async\" width=\"540\" height=\"800\" data-id=\"882\" data-src=\"https:\/\/orgelzolders.nl\/wp-content\/uploads\/2021\/04\/maquette-miniworld-001.jpg\" alt=\"\" class=\"wp-image-882 lazyload\" data-srcset=\"https:\/\/orgelzolders.nl\/wp-content\/uploads\/2021\/04\/maquette-miniworld-001.jpg 540w, https:\/\/orgelzolders.nl\/wp-content\/uploads\/2021\/04\/maquette-miniworld-001-203x300.jpg 203w\" data-sizes=\"(max-width: 540px) 100vw, 540px\" src=\"data:image\/svg+xml;base64,PHN2ZyB3aWR0aD0iMSIgaGVpZ2h0PSIxIiB4bWxucz0iaHR0cDovL3d3dy53My5vcmcvMjAwMC9zdmciPjwvc3ZnPg==\" style=\"--smush-placeholder-width: 540px; --smush-placeholder-aspect-ratio: 540\/800;\" \/><\/figure>\n\n\n\n<figure class=\"wp-block-image size-large\"><img decoding=\"async\" width=\"497\" height=\"800\" data-id=\"888\" data-src=\"https:\/\/orgelzolders.nl\/wp-content\/uploads\/2021\/04\/maquette-miniworld-003.jpg\" alt=\"\" class=\"wp-image-888 lazyload\" data-srcset=\"https:\/\/orgelzolders.nl\/wp-content\/uploads\/2021\/04\/maquette-miniworld-003.jpg 497w, https:\/\/orgelzolders.nl\/wp-content\/uploads\/2021\/04\/maquette-miniworld-003-186x300.jpg 186w\" data-sizes=\"(max-width: 497px) 100vw, 497px\" src=\"data:image\/svg+xml;base64,PHN2ZyB3aWR0aD0iMSIgaGVpZ2h0PSIxIiB4bWxucz0iaHR0cDovL3d3dy53My5vcmcvMjAwMC9zdmciPjwvc3ZnPg==\" style=\"--smush-placeholder-width: 497px; --smush-placeholder-aspect-ratio: 497\/800;\" \/><\/figure>\n<\/figure>\n\n\n\n<p><\/p>\n","protected":false},"excerpt":{"rendered":"<p>Im MiniWorld Rotterdam, einem 500 Quadratmeter gro\u00dfen Ausstellungsraum an der im Zentrum gelegenen Stra\u00dfe Weena, steht ein Modell der Breepleinkirche mit ihren Orgeldachb\u00f6den. Die R\u00e4ume, in denen drei j\u00fcdische Ehepaare die letzten Kriegsjahre verbrachten, wurden mit viel Liebe zum Detail rekonstruiert. Durch das offene Dach der Kirche k\u00f6nnen die Besucher den Aufenthaltsort von Chaim und [&hellip;]<\/p>\n","protected":false},"author":5,"featured_media":0,"parent":0,"menu_order":0,"comment_status":"closed","ping_status":"closed","template":"","meta":{"site-sidebar-layout":"default","site-content-layout":"default","ast-site-content-layout":"default","site-content-style":"default","site-sidebar-style":"default","ast-global-header-display":"","ast-banner-title-visibility":"","ast-main-header-display":"","ast-hfb-above-header-display":"","ast-hfb-below-header-display":"","ast-hfb-mobile-header-display":"","site-post-title":"","ast-breadcrumbs-content":"","ast-featured-img":"","footer-sml-layout":"","ast-disable-related-posts":"","theme-transparent-header-meta":"default","adv-header-id-meta":"","stick-header-meta":"","header-above-stick-meta":"","header-main-stick-meta":"","header-below-stick-meta":"","astra-migrate-meta-layouts":"default","ast-page-background-enabled":"default","ast-page-background-meta":{"desktop":{"background-color":"","background-image":"","background-repeat":"repeat","background-position":"center center","background-size":"auto","background-attachment":"scroll","background-type":"","background-media":"","overlay-type":"","overlay-color":"","overlay-opacity":"","overlay-gradient":""},"tablet":{"background-color":"","background-image":"","background-repeat":"repeat","background-position":"center center","background-size":"auto","background-attachment":"scroll","background-type":"","background-media":"","overlay-type":"","overlay-color":"","overlay-opacity":"","overlay-gradient":""},"mobile":{"background-color":"","background-image":"","background-repeat":"repeat","background-position":"center center","background-size":"auto","background-attachment":"scroll","background-type":"","background-media":"","overlay-type":"","overlay-color":"","overlay-opacity":"","overlay-gradient":""}},"ast-content-background-meta":{"desktop":{"background-color":"var(--ast-global-color-5)","background-image":"","background-repeat":"repeat","background-position":"center center","background-size":"auto","background-attachment":"scroll","background-type":"","background-media":"","overlay-type":"","overlay-color":"","overlay-opacity":"","overlay-gradient":""},"tablet":{"background-color":"var(--ast-global-color-5)","background-image":"","background-repeat":"repeat","background-position":"center center","background-size":"auto","background-attachment":"scroll","background-type":"","background-media":"","overlay-type":"","overlay-color":"","overlay-opacity":"","overlay-gradient":""},"mobile":{"background-color":"var(--ast-global-color-5)","background-image":"","background-repeat":"repeat","background-position":"center center","background-size":"auto","background-attachment":"scroll","background-type":"","background-media":"","overlay-type":"","overlay-color":"","overlay-opacity":"","overlay-gradient":""}},"footnotes":""},"class_list":["post-1551","page","type-page","status-publish","hentry"],"_links":{"self":[{"href":"https:\/\/orgelzolders.nl\/de\/wp-json\/wp\/v2\/pages\/1551","targetHints":{"allow":["GET"]}}],"collection":[{"href":"https:\/\/orgelzolders.nl\/de\/wp-json\/wp\/v2\/pages"}],"about":[{"href":"https:\/\/orgelzolders.nl\/de\/wp-json\/wp\/v2\/types\/page"}],"author":[{"embeddable":true,"href":"https:\/\/orgelzolders.nl\/de\/wp-json\/wp\/v2\/users\/5"}],"replies":[{"embeddable":true,"href":"https:\/\/orgelzolders.nl\/de\/wp-json\/wp\/v2\/comments?post=1551"}],"version-history":[{"count":1,"href":"https:\/\/orgelzolders.nl\/de\/wp-json\/wp\/v2\/pages\/1551\/revisions"}],"predecessor-version":[{"id":1552,"href":"https:\/\/orgelzolders.nl\/de\/wp-json\/wp\/v2\/pages\/1551\/revisions\/1552"}],"wp:attachment":[{"href":"https:\/\/orgelzolders.nl\/de\/wp-json\/wp\/v2\/media?parent=1551"}],"curies":[{"name":"wp","href":"https:\/\/api.w.org\/{rel}","templated":true}]}}