{"id":1549,"date":"2022-04-16T18:50:31","date_gmt":"2022-04-16T18:50:31","guid":{"rendered":"https:\/\/orgelzolders.nl\/?page_id=1549"},"modified":"2022-04-16T18:50:33","modified_gmt":"2022-04-16T18:50:33","slug":"nationale-nederlanden-spendet-reparaturkosten-fuer-den-boden-der-orgeldachboeden","status":"publish","type":"page","link":"https:\/\/orgelzolders.nl\/de\/nationale-nederlanden-spendet-reparaturkosten-fuer-den-boden-der-orgeldachboeden\/","title":{"rendered":"Nationale-Nederlanden spendet Reparaturkosten f\u00fcr den Boden der Orgeldachb\u00f6den"},"content":{"rendered":"\n<p>F\u00fcr die Reparatur der Fu\u00dfb\u00f6den der Orgeldachb\u00f6den erhielt die Stiftung Orgelzolders von dem Versicherungsunternehmen Nationale-Nederlanden einen Betrag von fast 2000 Euro. Das Geld wurde durch die Aktion <em>Wir und die Gesellschaft<\/em> \u201egewonnen\u201c, einer separaten Stiftung von Nationale-Nederlanden, die Mitarbeitende des Unternehmens ermutigt, sich ehrenamtlich f\u00fcr soziale Organisationen zu engagieren. Sie k\u00f6nnen jedes Jahr Projekte f\u00fcr eine Spende vorschlagen; alle Mitarbeitenden sind anschlie\u00dfend dazu eingeladen, f\u00fcr das Projekt zu stimmen, das sie am meisten anspricht.<\/p>\n\n\n\n<p>Der Webmaster der Website der Orgelzolders, Maarten van den Bos, gewann diesmal haushoch mit seiner Pr\u00e4sentation zur Notwendigkeit, die B\u00f6den begehbar zu machen, damit sich Interessierte wirklich umschauen k\u00f6nnen. Au\u00dferdem ist die elektrische Beleuchtung bauf\u00e4llig und deshalb gef\u00e4hrlich.<br>Die Stiftung will die Spende von Nationale-Nederlanden nutzen, um zwei B\u00f6den mit Altholz zu verlegen. Dar\u00fcber hinaus werden die elektrischen Leitungen repariert. Die Arbeiten sollen von der SDW-Rotterdam durchgef\u00fchrt werden, einer Organisation, die Menschen hilft, die Schwierigkeiten haben, sich auf dem Arbeitsmarkt zu etablieren.<\/p>\n\n\n\n<p>Dies kann aber erst dann geschehen, wenn Klarheit \u00fcber die Zukunft der Orgeldachb\u00f6den besteht (siehe Startseite dieser Website).<\/p>\n","protected":false},"excerpt":{"rendered":"<p>F\u00fcr die Reparatur der Fu\u00dfb\u00f6den der Orgeldachb\u00f6den erhielt die Stiftung Orgelzolders von dem Versicherungsunternehmen Nationale-Nederlanden einen Betrag von fast 2000 Euro. Das Geld wurde durch die Aktion Wir und die Gesellschaft \u201egewonnen\u201c, einer separaten Stiftung von Nationale-Nederlanden, die Mitarbeitende des Unternehmens ermutigt, sich ehrenamtlich f\u00fcr soziale Organisationen zu engagieren. Sie k\u00f6nnen jedes Jahr Projekte f\u00fcr [&hellip;]<\/p>\n","protected":false},"author":5,"featured_media":0,"parent":0,"menu_order":0,"comment_status":"closed","ping_status":"closed","template":"","meta":{"site-sidebar-layout":"default","site-content-layout":"default","ast-site-content-layout":"default","site-content-style":"default","site-sidebar-style":"default","ast-global-header-display":"","ast-banner-title-visibility":"","ast-main-header-display":"","ast-hfb-above-header-display":"","ast-hfb-below-header-display":"","ast-hfb-mobile-header-display":"","site-post-title":"","ast-breadcrumbs-content":"","ast-featured-img":"","footer-sml-layout":"","ast-disable-related-posts":"","theme-transparent-header-meta":"default","adv-header-id-meta":"","stick-header-meta":"","header-above-stick-meta":"","header-main-stick-meta":"","header-below-stick-meta":"","astra-migrate-meta-layouts":"default","ast-page-background-enabled":"default","ast-page-background-meta":{"desktop":{"background-color":"","background-image":"","background-repeat":"repeat","background-position":"center center","background-size":"auto","background-attachment":"scroll","background-type":"","background-media":"","overlay-type":"","overlay-color":"","overlay-opacity":"","overlay-gradient":""},"tablet":{"background-color":"","background-image":"","background-repeat":"repeat","background-position":"center center","background-size":"auto","background-attachment":"scroll","background-type":"","background-media":"","overlay-type":"","overlay-color":"","overlay-opacity":"","overlay-gradient":""},"mobile":{"background-color":"","background-image":"","background-repeat":"repeat","background-position":"center center","background-size":"auto","background-attachment":"scroll","background-type":"","background-media":"","overlay-type":"","overlay-color":"","overlay-opacity":"","overlay-gradient":""}},"ast-content-background-meta":{"desktop":{"background-color":"var(--ast-global-color-5)","background-image":"","background-repeat":"repeat","background-position":"center center","background-size":"auto","background-attachment":"scroll","background-type":"","background-media":"","overlay-type":"","overlay-color":"","overlay-opacity":"","overlay-gradient":""},"tablet":{"background-color":"var(--ast-global-color-5)","background-image":"","background-repeat":"repeat","background-position":"center center","background-size":"auto","background-attachment":"scroll","background-type":"","background-media":"","overlay-type":"","overlay-color":"","overlay-opacity":"","overlay-gradient":""},"mobile":{"background-color":"var(--ast-global-color-5)","background-image":"","background-repeat":"repeat","background-position":"center center","background-size":"auto","background-attachment":"scroll","background-type":"","background-media":"","overlay-type":"","overlay-color":"","overlay-opacity":"","overlay-gradient":""}},"footnotes":""},"class_list":["post-1549","page","type-page","status-publish","hentry"],"_links":{"self":[{"href":"https:\/\/orgelzolders.nl\/de\/wp-json\/wp\/v2\/pages\/1549","targetHints":{"allow":["GET"]}}],"collection":[{"href":"https:\/\/orgelzolders.nl\/de\/wp-json\/wp\/v2\/pages"}],"about":[{"href":"https:\/\/orgelzolders.nl\/de\/wp-json\/wp\/v2\/types\/page"}],"author":[{"embeddable":true,"href":"https:\/\/orgelzolders.nl\/de\/wp-json\/wp\/v2\/users\/5"}],"replies":[{"embeddable":true,"href":"https:\/\/orgelzolders.nl\/de\/wp-json\/wp\/v2\/comments?post=1549"}],"version-history":[{"count":1,"href":"https:\/\/orgelzolders.nl\/de\/wp-json\/wp\/v2\/pages\/1549\/revisions"}],"predecessor-version":[{"id":1550,"href":"https:\/\/orgelzolders.nl\/de\/wp-json\/wp\/v2\/pages\/1549\/revisions\/1550"}],"wp:attachment":[{"href":"https:\/\/orgelzolders.nl\/de\/wp-json\/wp\/v2\/media?parent=1549"}],"curies":[{"name":"wp","href":"https:\/\/api.w.org\/{rel}","templated":true}]}}