{"id":1536,"date":"2022-04-16T14:51:20","date_gmt":"2022-04-16T14:51:20","guid":{"rendered":"https:\/\/orgelzolders.nl\/?page_id=1536"},"modified":"2022-05-26T11:43:07","modified_gmt":"2022-05-26T11:43:07","slug":"die-geschichte-der-orgeldachboeden","status":"publish","type":"page","link":"https:\/\/orgelzolders.nl\/de\/die-geschichte-der-orgeldachboeden\/","title":{"rendered":"Die Geschichte der Orgeldachb\u00f6den"},"content":{"rendered":"\n<p>Im Jahr 2006 wurde in der Breepleinkerk in Rotterdam-S\u00fcd eine au\u00dfergew\u00f6hnliche Entdeckung gemacht. Schr\u00e4g \u00fcber der imposanten Orgel befinden sich Verstecke, in denen w\u00e4hrend des Zweiten Weltkriegs sieben j\u00fcdische Menschen versteckt wurden. Auf dem Holzboden finden sich noch immer Spuren: Essensverpackungen, Bonbonpapier, Streichh\u00f6lzer, Kleidungsst\u00fccke, eine Dose mit Kohle, eine kleine zerbrochene Lampe \u2026<br><br>Wer waren diese Leute und wer waren ihre Helfer? Wie war es, fast drei Jahre lang auf einem kalten, dunklen Dachboden zu \u00fcberleben und was trieb die Helfer an, ihr eigenes Leben f\u00fcr diese Familien aufs Spiel zu setzen?<\/p>\n\n\n\n\n\n<h2 class=\"wp-block-heading\">Rebecca und Maurice<\/h2>\n\n\n\n<p>Im jahr 1942 wurden immer mehr Juden aus den besetzten Niederlanden nach Deutschland deportiert. Die meisten von ihnen wurden in den Gaskammern ermordet. Die 17-j\u00e4hrige Rebecca Andriesse und ihr 25-j\u00e4hriger Verlobter Maurice Kool glaubten, dass sie zusammenbleiben k\u00f6nnten, wenn sie verheiratet w\u00e4ren, und deshalb heirateten sie so schnell wie m\u00f6glich. Auf dem untenstehenden Foto ist das Brautpaar zu sehen. Rebeccas Gro\u00dfvater sorgte daf\u00fcr, dass sie in der Breepleinkirche untertauchen konnten. Der K\u00fcster Jacobus de Mars richtete auf dem Dachboden neben der Orgel ein Versteck ein, das \u00fcber eine Leiter und eine unsichtbare Luke zu erreichen war. Rebeccas Gro\u00dfvater und sehr vielen Familienmitgliedern gelang es nicht, einen sicheren Zufluchtsort f\u00fcr sich zu finden. Sie wurden nach Deutschland deportiert und kehrten nie mehr zur\u00fcck.<\/p>\n\n\n\n<figure class=\"wp-block-image size-medium\"><img decoding=\"async\" width=\"184\" height=\"300\" data-src=\"https:\/\/orgelzolders.nl\/wp-content\/uploads\/2020\/04\/Trouwfoto-Rebecca-Maurice-184x300.jpg\" alt=\"Trouwfoto Rebecca en Maurice\" class=\"wp-image-20 lazyload\" data-srcset=\"https:\/\/orgelzolders.nl\/wp-content\/uploads\/2020\/04\/Trouwfoto-Rebecca-Maurice-184x300.jpg 184w, https:\/\/orgelzolders.nl\/wp-content\/uploads\/2020\/04\/Trouwfoto-Rebecca-Maurice-scaled-600x980.jpg 600w, https:\/\/orgelzolders.nl\/wp-content\/uploads\/2020\/04\/Trouwfoto-Rebecca-Maurice-627x1024.jpg 627w, https:\/\/orgelzolders.nl\/wp-content\/uploads\/2020\/04\/Trouwfoto-Rebecca-Maurice-768x1254.jpg 768w, https:\/\/orgelzolders.nl\/wp-content\/uploads\/2020\/04\/Trouwfoto-Rebecca-Maurice-941x1536.jpg 941w, https:\/\/orgelzolders.nl\/wp-content\/uploads\/2020\/04\/Trouwfoto-Rebecca-Maurice-1254x2048.jpg 1254w, https:\/\/orgelzolders.nl\/wp-content\/uploads\/2020\/04\/Trouwfoto-Rebecca-Maurice-scaled.jpg 1568w\" data-sizes=\"(max-width: 184px) 100vw, 184px\" src=\"data:image\/svg+xml;base64,PHN2ZyB3aWR0aD0iMSIgaGVpZ2h0PSIxIiB4bWxucz0iaHR0cDovL3d3dy53My5vcmcvMjAwMC9zdmciPjwvc3ZnPg==\" style=\"--smush-placeholder-width: 184px; --smush-placeholder-aspect-ratio: 184\/300;\" \/><\/figure>\n\n\n\n<h2 class=\"wp-block-heading\"><strong>Meijer und Ida<\/strong><\/h2>\n\n\n\n<p>Meijer und Ida Kool, die Eltern von Maurice, hatten ein Stoffgesch\u00e4ft an der Beijerlandselaan in Rotterdam. Da sie als Juden keine Gesch\u00e4fte mehr machen durften, beschlossen auch sie, unterzutauchen. Nach einem erfolglosen Versuch an einem anderen Ort landeten auch sie auf den Orgeldachb\u00f6den. Tags\u00fcber hielten sich die Untergetauchten manchmal unten auf, aber die meiste Zeit verbrachten sie auf den Dachb\u00f6den, wo es im Winter sehr kalt und im Sommer unertr\u00e4glich hei\u00df war.<\/p>\n\n\n\n<h2 class=\"wp-block-heading\"><strong>Chaim und Fifi<\/strong><\/h2>\n\n\n\n<p>Ein halbes Jahr, nachdem sich Meijer und Ida versteckt hatten, wurde auf dem Bodenraum auf der anderen Seite schr\u00e4g oberhalb der Orgel zwei weitere Menschen untergebracht: das Apothekerehepaar Chaim und Fifi de Zoete (siehe untenstehendes Foto). Ihre drei T\u00f6chter wurden vom Widerstand an andere Adressen gebracht. Hadassah, eines der M\u00e4dchen, war bei der Familie Van der Leer untergebracht, die jeden Sonntag den Gottesdienst in der Breepleinkirche besuchte. Die Pfarrersfamilie Brillenburg Wurth erm\u00f6glichte es Fifi und Chaim, ihre Tochter \u2013 ohne dass sie dies bemerkte \u2013 nach dem Gottesdienst zu sehen. So hofften sie weiterhin auf eine Wiedervereinigung, irgendeinmal.<\/p>\n\n\n\n<figure class=\"wp-block-image size-medium\"><img decoding=\"async\" width=\"218\" height=\"300\" data-src=\"https:\/\/orgelzolders.nl\/wp-content\/uploads\/2020\/04\/chaim-fifi-1927-218x300.jpg\" alt=\"Chaim en Fifi foto uit 1927\" class=\"wp-image-30 lazyload\" data-srcset=\"https:\/\/orgelzolders.nl\/wp-content\/uploads\/2020\/04\/chaim-fifi-1927-218x300.jpg 218w, https:\/\/orgelzolders.nl\/wp-content\/uploads\/2020\/04\/chaim-fifi-1927-scaled-600x826.jpg 600w, https:\/\/orgelzolders.nl\/wp-content\/uploads\/2020\/04\/chaim-fifi-1927-744x1024.jpg 744w, https:\/\/orgelzolders.nl\/wp-content\/uploads\/2020\/04\/chaim-fifi-1927-768x1057.jpg 768w, https:\/\/orgelzolders.nl\/wp-content\/uploads\/2020\/04\/chaim-fifi-1927-1116x1536.jpg 1116w, https:\/\/orgelzolders.nl\/wp-content\/uploads\/2020\/04\/chaim-fifi-1927-1488x2048.jpg 1488w, https:\/\/orgelzolders.nl\/wp-content\/uploads\/2020\/04\/chaim-fifi-1927-scaled.jpg 1860w\" data-sizes=\"(max-width: 218px) 100vw, 218px\" src=\"data:image\/svg+xml;base64,PHN2ZyB3aWR0aD0iMSIgaGVpZ2h0PSIxIiB4bWxucz0iaHR0cDovL3d3dy53My5vcmcvMjAwMC9zdmciPjwvc3ZnPg==\" style=\"--smush-placeholder-width: 218px; --smush-placeholder-aspect-ratio: 218\/300;\" \/><\/figure>\n\n\n\n<h2 class=\"wp-block-heading\"><strong><strong>Ausreichend Nahrung und \u2026 ein Baby<\/strong><\/strong><\/h2>\n\n\n\n<p>Dank des Rotterdamer Widerstands gab es gen\u00fcgend Nahrung f\u00fcr alle Menschen im Versteck und auch f\u00fcr diejenigen, die ihnen beim \u00dcberleben halfen. Rebecca wurde schwanger und brachte Anfang Januar 1944 einen Sohn zur Welt. Der surinamische Augenarzt Dr. Leo Lashley, die Frau des Pfarrers, Gerda Brillenburg Wurth, und die Krankenschwester Riek Dekkers halfen bei der Geburt. Der Junge wurde nach seinem Gro\u00dfvater und dem K\u00fcster benannt und sein Rufname war Emile. Zur Sicherheit aller blieb das Baby die meiste Zeit in der K\u00fcsterwohnung, wo seine Mutter so oft wie m\u00f6glich bei ihm war. Auf dem untenstehenden Foto sieht man Annigje de Mars, die Frau des K\u00fcsters, mit Emile im Garten hinter der K\u00fcsterwohnung.<\/p>\n\n\n\n<figure class=\"wp-block-image size-medium\"><img decoding=\"async\" width=\"200\" height=\"300\" data-src=\"https:\/\/orgelzolders.nl\/wp-content\/uploads\/2020\/04\/oude_foto_retouche_A4-2-200x300.jpg\" alt=\"\" class=\"wp-image-31 lazyload\" data-srcset=\"https:\/\/orgelzolders.nl\/wp-content\/uploads\/2020\/04\/oude_foto_retouche_A4-2-200x300.jpg 200w, https:\/\/orgelzolders.nl\/wp-content\/uploads\/2020\/04\/oude_foto_retouche_A4-2-scaled-600x900.jpg 600w, https:\/\/orgelzolders.nl\/wp-content\/uploads\/2020\/04\/oude_foto_retouche_A4-2-683x1024.jpg 683w, https:\/\/orgelzolders.nl\/wp-content\/uploads\/2020\/04\/oude_foto_retouche_A4-2-768x1152.jpg 768w, https:\/\/orgelzolders.nl\/wp-content\/uploads\/2020\/04\/oude_foto_retouche_A4-2-1024x1536.jpg 1024w, https:\/\/orgelzolders.nl\/wp-content\/uploads\/2020\/04\/oude_foto_retouche_A4-2-1366x2048.jpg 1366w, https:\/\/orgelzolders.nl\/wp-content\/uploads\/2020\/04\/oude_foto_retouche_A4-2-scaled.jpg 1707w\" data-sizes=\"(max-width: 200px) 100vw, 200px\" src=\"data:image\/svg+xml;base64,PHN2ZyB3aWR0aD0iMSIgaGVpZ2h0PSIxIiB4bWxucz0iaHR0cDovL3d3dy53My5vcmcvMjAwMC9zdmciPjwvc3ZnPg==\" style=\"--smush-placeholder-width: 200px; --smush-placeholder-aspect-ratio: 200\/300;\" \/><\/figure>\n\n\n\n<h2 class=\"wp-block-heading\"><strong><strong>\u00dcberlebt!<\/strong><\/strong><\/h2>\n\n\n\n<p>Annie, die Tochter des K\u00fcsters, zog nach der gro\u00dfen Razzia vom 10. und 11. November 1944 zusammen mit ihrem Mann und ihrem sieben Monate alten Baby als Deckmantel f\u00fcr den kleinen Emile bei ihren Eltern ein. Wenn die Nachbarn fortan ein Baby weinen oder vor Freude kr\u00e4hen h\u00f6rten, war das ein normales Ger\u00e4usch, \u00fcber das man sich nicht wundern musste.<br>Am 14. April 1945 fand eine gro\u00dfe Razzia statt, bei welcher der K\u00fcster festgenommen wurde. Die Untergetauchten waren in Gefahr, entdeckt zu werden. \u201eSelbst wenn sie meinen Mann zu Tode pr\u00fcgeln w\u00fcrden, er w\u00fcrde euch niemals verraten\u201c, sagte seine Frau dezidiert, und das tat er auch nicht. Drei Wochen sp\u00e4ter wurden die Niederlande befreit und alle Untergetauchten waren in Sicherheit \u2026 alle hatten \u00fcberlebt. Die Geschichte der Orgeldachb\u00f6den ist eine Geschichte voller Wunder und Zuf\u00e4lle, Mut und Hoffnung, eine Geschichte mit einem Happy End.<\/p>\n\n\n\n<h2 class=\"wp-block-heading\"><strong><strong>Traum &amp; Tat<\/strong><\/strong><\/h2>\n\n\n\n<p>Inspiriert von der Geschichte der Menschen, die sich in der Breepleinkirche versteckt hielten, schrieb der B\u00fcrgermeister Ahmed Aboutaleb 2015 den Essay Traum &amp; Tat. Er tat dies anl\u00e4sslich des Monats der Geschichte im Oktober jenen Jahres. In dem Essay bricht er eine Lanze f\u00fcr Vertrauen und Toleranz. So schreibt er: \u201eEs erfordert Dinge wie Ausdauer, Disziplin und Heldenmut. Aber auch Toleranz und Vertrauen in andere. Wir brauchen andere, denn allein k\u00f6nnen wir es nicht schaffen.\u201c<\/p>\n\n\n\n<figure class=\"wp-block-image size-medium\"><img decoding=\"async\" width=\"164\" height=\"300\" data-src=\"https:\/\/orgelzolders.nl\/wp-content\/uploads\/2020\/04\/ahmed-aboutaleb-droom-en-daad-164x300.jpg\" alt=\"Boek Ahmed Aaboutaleb droom en daad\" class=\"wp-image-35 lazyload\" data-srcset=\"https:\/\/orgelzolders.nl\/wp-content\/uploads\/2020\/04\/ahmed-aboutaleb-droom-en-daad-164x300.jpg 164w, https:\/\/orgelzolders.nl\/wp-content\/uploads\/2020\/04\/ahmed-aboutaleb-droom-en-daad.jpg 263w\" data-sizes=\"(max-width: 164px) 100vw, 164px\" src=\"data:image\/svg+xml;base64,PHN2ZyB3aWR0aD0iMSIgaGVpZ2h0PSIxIiB4bWxucz0iaHR0cDovL3d3dy53My5vcmcvMjAwMC9zdmciPjwvc3ZnPg==\" style=\"--smush-placeholder-width: 164px; --smush-placeholder-aspect-ratio: 164\/300;\" \/><\/figure>\n\n\n\n<h2 class=\"wp-block-heading\"><strong><strong>Wer wei\u00df noch etwas \u00fcber diese Zeit?<\/strong><\/strong><\/h2>\n\n\n\n<p>Seit der Entdeckung der Orgeldachb\u00f6den ist die gleichnamige Stiftung weiter auf der Suche nach Geschichten. Was ist passiert und wer wusste alles davon? Denn mittlerweile ist klar, dass die Untergetauchten mehr Helfer hatten, als aktuell bekannt ist. Es m\u00fcssen mehr Leute davon gewusst haben. Erinnern Sie sich an irgendetwas aus dieser Zeit, haben Sie relevante alte Fotos oder Gebrauchsgegenst\u00e4nde oder kennen Sie jemanden, der dar\u00fcber berichten k\u00f6nnte? Dann kontaktieren Sie uns bitte. Wir wissen Ihre Hilfe sehr zu sch\u00e4tzen.<\/p>\n","protected":false},"excerpt":{"rendered":"<p>Im Jahr 2006 wurde in der Breepleinkerk in Rotterdam-S\u00fcd eine au\u00dfergew\u00f6hnliche Entdeckung gemacht. Schr\u00e4g \u00fcber der imposanten Orgel befinden sich Verstecke, in denen w\u00e4hrend des Zweiten Weltkriegs sieben j\u00fcdische Menschen versteckt wurden. Auf dem Holzboden finden sich noch immer Spuren: Essensverpackungen, Bonbonpapier, Streichh\u00f6lzer, Kleidungsst\u00fccke, eine Dose mit Kohle, eine kleine zerbrochene Lampe \u2026 Wer waren [&hellip;]<\/p>\n","protected":false},"author":5,"featured_media":0,"parent":0,"menu_order":0,"comment_status":"closed","ping_status":"closed","template":"","meta":{"site-sidebar-layout":"default","site-content-layout":"default","ast-site-content-layout":"default","site-content-style":"default","site-sidebar-style":"default","ast-global-header-display":"","ast-banner-title-visibility":"","ast-main-header-display":"","ast-hfb-above-header-display":"","ast-hfb-below-header-display":"","ast-hfb-mobile-header-display":"","site-post-title":"","ast-breadcrumbs-content":"","ast-featured-img":"","footer-sml-layout":"","ast-disable-related-posts":"","theme-transparent-header-meta":"default","adv-header-id-meta":"","stick-header-meta":"","header-above-stick-meta":"","header-main-stick-meta":"","header-below-stick-meta":"","astra-migrate-meta-layouts":"default","ast-page-background-enabled":"default","ast-page-background-meta":{"desktop":{"background-color":"","background-image":"","background-repeat":"repeat","background-position":"center center","background-size":"auto","background-attachment":"scroll","background-type":"","background-media":"","overlay-type":"","overlay-color":"","overlay-opacity":"","overlay-gradient":""},"tablet":{"background-color":"","background-image":"","background-repeat":"repeat","background-position":"center center","background-size":"auto","background-attachment":"scroll","background-type":"","background-media":"","overlay-type":"","overlay-color":"","overlay-opacity":"","overlay-gradient":""},"mobile":{"background-color":"","background-image":"","background-repeat":"repeat","background-position":"center center","background-size":"auto","background-attachment":"scroll","background-type":"","background-media":"","overlay-type":"","overlay-color":"","overlay-opacity":"","overlay-gradient":""}},"ast-content-background-meta":{"desktop":{"background-color":"var(--ast-global-color-5)","background-image":"","background-repeat":"repeat","background-position":"center center","background-size":"auto","background-attachment":"scroll","background-type":"","background-media":"","overlay-type":"","overlay-color":"","overlay-opacity":"","overlay-gradient":""},"tablet":{"background-color":"var(--ast-global-color-5)","background-image":"","background-repeat":"repeat","background-position":"center center","background-size":"auto","background-attachment":"scroll","background-type":"","background-media":"","overlay-type":"","overlay-color":"","overlay-opacity":"","overlay-gradient":""},"mobile":{"background-color":"var(--ast-global-color-5)","background-image":"","background-repeat":"repeat","background-position":"center center","background-size":"auto","background-attachment":"scroll","background-type":"","background-media":"","overlay-type":"","overlay-color":"","overlay-opacity":"","overlay-gradient":""}},"footnotes":""},"class_list":["post-1536","page","type-page","status-publish","hentry"],"_links":{"self":[{"href":"https:\/\/orgelzolders.nl\/de\/wp-json\/wp\/v2\/pages\/1536","targetHints":{"allow":["GET"]}}],"collection":[{"href":"https:\/\/orgelzolders.nl\/de\/wp-json\/wp\/v2\/pages"}],"about":[{"href":"https:\/\/orgelzolders.nl\/de\/wp-json\/wp\/v2\/types\/page"}],"author":[{"embeddable":true,"href":"https:\/\/orgelzolders.nl\/de\/wp-json\/wp\/v2\/users\/5"}],"replies":[{"embeddable":true,"href":"https:\/\/orgelzolders.nl\/de\/wp-json\/wp\/v2\/comments?post=1536"}],"version-history":[{"count":12,"href":"https:\/\/orgelzolders.nl\/de\/wp-json\/wp\/v2\/pages\/1536\/revisions"}],"predecessor-version":[{"id":1918,"href":"https:\/\/orgelzolders.nl\/de\/wp-json\/wp\/v2\/pages\/1536\/revisions\/1918"}],"wp:attachment":[{"href":"https:\/\/orgelzolders.nl\/de\/wp-json\/wp\/v2\/media?parent=1536"}],"curies":[{"name":"wp","href":"https:\/\/api.w.org\/{rel}","templated":true}]}}