{"id":1531,"date":"2022-04-16T14:30:44","date_gmt":"2022-04-16T14:30:44","guid":{"rendered":"https:\/\/orgelzolders.nl\/?page_id=1531"},"modified":"2022-04-26T14:45:05","modified_gmt":"2022-04-26T14:45:05","slug":"willkommen-auf-den-orgeldachboeden","status":"publish","type":"page","link":"https:\/\/orgelzolders.nl\/de\/","title":{"rendered":"Willkommen auf den Orgeldachb\u00f6den"},"content":{"rendered":"\n<div class=\"wp-block-image is-style-default\"><figure class=\"aligncenter size-large\"><img decoding=\"async\" width=\"1024\" height=\"656\" data-src=\"https:\/\/orgelzolders.nl\/wp-content\/uploads\/2020\/05\/1.9.-orgelzolder-1024x656.jpg\" alt=\"\" class=\"wp-image-422 lazyload\" data-srcset=\"https:\/\/orgelzolders.nl\/wp-content\/uploads\/2020\/05\/1.9.-orgelzolder-1024x656.jpg 1024w, https:\/\/orgelzolders.nl\/wp-content\/uploads\/2020\/05\/1.9.-orgelzolder-scaled-600x385.jpg 600w, https:\/\/orgelzolders.nl\/wp-content\/uploads\/2020\/05\/1.9.-orgelzolder-300x192.jpg 300w, https:\/\/orgelzolders.nl\/wp-content\/uploads\/2020\/05\/1.9.-orgelzolder-768x492.jpg 768w, https:\/\/orgelzolders.nl\/wp-content\/uploads\/2020\/05\/1.9.-orgelzolder-1536x984.jpg 1536w, https:\/\/orgelzolders.nl\/wp-content\/uploads\/2020\/05\/1.9.-orgelzolder-2048x1313.jpg 2048w\" data-sizes=\"(max-width: 1024px) 100vw, 1024px\" src=\"data:image\/svg+xml;base64,PHN2ZyB3aWR0aD0iMSIgaGVpZ2h0PSIxIiB4bWxucz0iaHR0cDovL3d3dy53My5vcmcvMjAwMC9zdmciPjwvc3ZnPg==\" style=\"--smush-placeholder-width: 1024px; --smush-placeholder-aspect-ratio: 1024\/656;\" \/><figcaption>Einer der beiden Dachb\u00f6den neben der Orgel in der Breepleinkerk in S\u00fcd-Rotterdam, wo die sieben Hauptfiguren dieses d\u00fcsteren M\u00e4rchens w\u00e4hrend des Zweiten Weltkriegs jahrelang ausharren mussten.<\/figcaption><\/figure><\/div>\n\n\n\n<p>W\u00e4hrend des Zweiten Weltkriegs barg die Breepleinkerk in Rotterdam-S\u00fcd ein gro\u00dfes Geheimnis: Auf den beiden Dachb\u00f6den neben der Orgel versteckten sich drei j\u00fcdische Ehepaare. Zun\u00e4chst war dieser Unterschlupf eigentlich nur vor\u00fcbergehend f\u00fcr 6 Wochen gedacht, doch er wurde zu einem Versteck f\u00fcr 34 Monate. Die Geschichte der Breepleinkerk ist eine Geschichte von Mut, Hoffnung und Vertrauen, eine Geschichte voller Wunder &#8230; so wurde dort ein kerngesundes Baby geboren und bei einer Razzia drei Wochen vor der Befreiung wurden die Untergetauchten nicht entdeckt.<br><\/p>\n","protected":false},"excerpt":{"rendered":"<p>W\u00e4hrend des Zweiten Weltkriegs barg die Breepleinkerk in Rotterdam-S\u00fcd ein gro\u00dfes Geheimnis: Auf den beiden Dachb\u00f6den neben der Orgel versteckten sich drei j\u00fcdische Ehepaare. Zun\u00e4chst war dieser Unterschlupf eigentlich nur vor\u00fcbergehend f\u00fcr 6 Wochen gedacht, doch er wurde zu einem Versteck f\u00fcr 34 Monate. Die Geschichte der Breepleinkerk ist eine Geschichte von Mut, Hoffnung und [&hellip;]<\/p>\n","protected":false},"author":5,"featured_media":422,"parent":0,"menu_order":0,"comment_status":"closed","ping_status":"closed","template":"","meta":{"site-sidebar-layout":"default","site-content-layout":"default","ast-site-content-layout":"default","site-content-style":"default","site-sidebar-style":"default","ast-global-header-display":"","ast-banner-title-visibility":"","ast-main-header-display":"","ast-hfb-above-header-display":"","ast-hfb-below-header-display":"","ast-hfb-mobile-header-display":"","site-post-title":"","ast-breadcrumbs-content":"","ast-featured-img":"","footer-sml-layout":"","ast-disable-related-posts":"","theme-transparent-header-meta":"default","adv-header-id-meta":"","stick-header-meta":"","header-above-stick-meta":"","header-main-stick-meta":"","header-below-stick-meta":"","astra-migrate-meta-layouts":"default","ast-page-background-enabled":"default","ast-page-background-meta":{"desktop":{"background-color":"","background-image":"","background-repeat":"repeat","background-position":"center center","background-size":"auto","background-attachment":"scroll","background-type":"","background-media":"","overlay-type":"","overlay-color":"","overlay-opacity":"","overlay-gradient":""},"tablet":{"background-color":"","background-image":"","background-repeat":"repeat","background-position":"center center","background-size":"auto","background-attachment":"scroll","background-type":"","background-media":"","overlay-type":"","overlay-color":"","overlay-opacity":"","overlay-gradient":""},"mobile":{"background-color":"","background-image":"","background-repeat":"repeat","background-position":"center center","background-size":"auto","background-attachment":"scroll","background-type":"","background-media":"","overlay-type":"","overlay-color":"","overlay-opacity":"","overlay-gradient":""}},"ast-content-background-meta":{"desktop":{"background-color":"var(--ast-global-color-5)","background-image":"","background-repeat":"repeat","background-position":"center center","background-size":"auto","background-attachment":"scroll","background-type":"","background-media":"","overlay-type":"","overlay-color":"","overlay-opacity":"","overlay-gradient":""},"tablet":{"background-color":"var(--ast-global-color-5)","background-image":"","background-repeat":"repeat","background-position":"center center","background-size":"auto","background-attachment":"scroll","background-type":"","background-media":"","overlay-type":"","overlay-color":"","overlay-opacity":"","overlay-gradient":""},"mobile":{"background-color":"var(--ast-global-color-5)","background-image":"","background-repeat":"repeat","background-position":"center center","background-size":"auto","background-attachment":"scroll","background-type":"","background-media":"","overlay-type":"","overlay-color":"","overlay-opacity":"","overlay-gradient":""}},"footnotes":""},"class_list":["post-1531","page","type-page","status-publish","has-post-thumbnail","hentry"],"_links":{"self":[{"href":"https:\/\/orgelzolders.nl\/de\/wp-json\/wp\/v2\/pages\/1531","targetHints":{"allow":["GET"]}}],"collection":[{"href":"https:\/\/orgelzolders.nl\/de\/wp-json\/wp\/v2\/pages"}],"about":[{"href":"https:\/\/orgelzolders.nl\/de\/wp-json\/wp\/v2\/types\/page"}],"author":[{"embeddable":true,"href":"https:\/\/orgelzolders.nl\/de\/wp-json\/wp\/v2\/users\/5"}],"replies":[{"embeddable":true,"href":"https:\/\/orgelzolders.nl\/de\/wp-json\/wp\/v2\/comments?post=1531"}],"version-history":[{"count":6,"href":"https:\/\/orgelzolders.nl\/de\/wp-json\/wp\/v2\/pages\/1531\/revisions"}],"predecessor-version":[{"id":1708,"href":"https:\/\/orgelzolders.nl\/de\/wp-json\/wp\/v2\/pages\/1531\/revisions\/1708"}],"wp:featuredmedia":[{"embeddable":true,"href":"https:\/\/orgelzolders.nl\/de\/wp-json\/wp\/v2\/media\/422"}],"wp:attachment":[{"href":"https:\/\/orgelzolders.nl\/de\/wp-json\/wp\/v2\/media?parent=1531"}],"curies":[{"name":"wp","href":"https:\/\/api.w.org\/{rel}","templated":true}]}}